{"id":7251,"date":"2022-11-07T07:05:28","date_gmt":"2022-11-07T07:05:28","guid":{"rendered":"https:\/\/mabuko.co.mz\/?post_type=product&#038;p=7251"},"modified":"2023-01-10T13:55:08","modified_gmt":"2023-01-10T13:55:08","slug":"o-jardim-dos-animais-com-alma","status":"publish","type":"product","link":"https:\/\/mabuko.co.mz\/site\/?product=o-jardim-dos-animais-com-alma","title":{"rendered":"O JARDIM DOS ANIMAIS COM ALMA"},"content":{"rendered":"<p>Jos\u00e9 Rodrigues dos Santos<\/p>\n<p>9789897850929<\/p>\n","protected":false},"excerpt":{"rendered":"<p><strong>SINOPSE<\/strong><\/p>\n<p>O cad\u00e1ver de um et\u00f3logo aparece num tanque do Ocean\u00e1rio. Pistas comprometedoras s\u00e3o descobertas na posse da sua colaboradora Maria Flor. A Judici\u00e1ria decide prend\u00ea-la. S\u00f3 uma pessoa a pode ajudar: Tom\u00e1s Noronha.<br \/>\nPara ilibar a mulher, Tom\u00e1s ter\u00e1 de encontrar o verdadeiro autor do crime. Isso implica compreender o trabalho secreto da v\u00edtima. E decifrar uma misteriosa pintura esot\u00e9rica de Hieronymus Bosch. No fim do caminho est\u00e1 um dos mais maravilhosos segredos da natureza.<br \/>\nA intelig\u00eancia, a emo\u00e7\u00e3o e a consci\u00eancia animal.<br \/>\nQuem \u00e9 o verdadeiro assassino? Porque foi morta a v\u00edtima? Qual a rela\u00e7\u00e3o entre o homic\u00eddio e a pintura m\u00edstica de Bosch? E, sobretudo, que liga\u00e7\u00e3o existe entre o crime e o genoc\u00eddio que os seres humanos lan\u00e7aram contra a vida no nosso planeta?<br \/>\nQuem s\u00e3o as verdadeiras bestas? N\u00f3s ou os animais?<br \/>\nCom\u00a0<em>O Jardim dos Animais com Alma<\/em>, o escritor favorito dos portugueses est\u00e1 de volta com uma aventura que coloca o Homem diante da natureza e nos mostra qu\u00e3o bestas s\u00e3o os humanos e qu\u00e3o humanas s\u00e3o as\u00a0<em>bestas<\/em>.<br \/>\nBaseando-se na pesquisa cient\u00edfica mais avan\u00e7ada, Jos\u00e9 Rodrigues dos Santos revela-nos as grandes descobertas\u00a0recentes sobre os animais e confronta-nos com a sua verdadeira natureza.<\/p>\n","protected":false},"featured_media":7252,"template":"","meta":{"_monsterinsights_skip_tracking":false,"_monsterinsights_sitenote_active":false,"_monsterinsights_sitenote_note":"","_monsterinsights_sitenote_category":0},"product_cat":[105],"product_tag":[],"class_list":{"0":"post-7251","1":"product","2":"type-product","3":"status-publish","4":"has-post-thumbnail","6":"product_cat-romance","7":"pa_book-author-jose-rodrigues-dos-santos","9":"first","10":"outofstock","11":"shipping-taxable","12":"purchasable","13":"product-type-simple"},"_links":{"self":[{"href":"https:\/\/mabuko.co.mz\/site\/index.php?rest_route=\/wp\/v2\/product\/7251","targetHints":{"allow":["GET"]}}],"collection":[{"href":"https:\/\/mabuko.co.mz\/site\/index.php?rest_route=\/wp\/v2\/product"}],"about":[{"href":"https:\/\/mabuko.co.mz\/site\/index.php?rest_route=\/wp\/v2\/types\/product"}],"wp:featuredmedia":[{"embeddable":true,"href":"https:\/\/mabuko.co.mz\/site\/index.php?rest_route=\/wp\/v2\/media\/7252"}],"wp:attachment":[{"href":"https:\/\/mabuko.co.mz\/site\/index.php?rest_route=%2Fwp%2Fv2%2Fmedia&parent=7251"}],"wp:term":[{"taxonomy":"product_cat","embeddable":true,"href":"https:\/\/mabuko.co.mz\/site\/index.php?rest_route=%2Fwp%2Fv2%2Fproduct_cat&post=7251"},{"taxonomy":"product_tag","embeddable":true,"href":"https:\/\/mabuko.co.mz\/site\/index.php?rest_route=%2Fwp%2Fv2%2Fproduct_tag&post=7251"}],"curies":[{"name":"wp","href":"https:\/\/api.w.org\/{rel}","templated":true}]}}