{"id":7249,"date":"2022-11-07T06:53:42","date_gmt":"2022-11-07T06:53:42","guid":{"rendered":"https:\/\/mabuko.co.mz\/?post_type=product&#038;p=7249"},"modified":"2023-01-10T13:56:05","modified_gmt":"2023-01-10T13:56:05","slug":"dei-te-o-melhor-de-mim","status":"publish","type":"product","link":"https:\/\/mabuko.co.mz\/site\/?product=dei-te-o-melhor-de-mim","title":{"rendered":"DEI-TE O MELHOR DE MIM"},"content":{"rendered":"<p>Nicholas Sparks<\/p>\n<p>9789722347044<\/p>\n","protected":false},"excerpt":{"rendered":"<p><strong>SINOPSE<\/strong><\/p>\n<p>Este novo e aclamado romance de Nicholas Sparks conta a hist\u00f3ria emocionante de Amanda e Dawson, dois adolescentes envolvidos na m\u00e1gica experi\u00eancia do primeiro amor. Contudo, sob a press\u00e3o familiar e social, s\u00e3o obrigados a seguir vidas distintas. Somente vinte e cinco anos mais tarde voltam a encontrar-se, por altura da morte do \u00fanico homem que tinha protegido o jovem casal apaixonado. E se para ambos o amor de outrora se revela intacto, confrontam-se inevitavelmente com as escolhas feitas e os compromissos assumidos. Qual ent\u00e3o o sentido daquele encontro, se nada podia mudar o passado?<\/p>\n","protected":false},"featured_media":7250,"template":"","meta":{"_monsterinsights_skip_tracking":false,"_monsterinsights_sitenote_active":false,"_monsterinsights_sitenote_note":"","_monsterinsights_sitenote_category":0},"product_cat":[105],"product_tag":[],"class_list":{"0":"post-7249","1":"product","2":"type-product","3":"status-publish","4":"has-post-thumbnail","6":"product_cat-romance","7":"pa_book-author-nicholas-sparks","9":"first","10":"outofstock","11":"shipping-taxable","12":"purchasable","13":"product-type-simple"},"_links":{"self":[{"href":"https:\/\/mabuko.co.mz\/site\/index.php?rest_route=\/wp\/v2\/product\/7249","targetHints":{"allow":["GET"]}}],"collection":[{"href":"https:\/\/mabuko.co.mz\/site\/index.php?rest_route=\/wp\/v2\/product"}],"about":[{"href":"https:\/\/mabuko.co.mz\/site\/index.php?rest_route=\/wp\/v2\/types\/product"}],"wp:featuredmedia":[{"embeddable":true,"href":"https:\/\/mabuko.co.mz\/site\/index.php?rest_route=\/wp\/v2\/media\/7250"}],"wp:attachment":[{"href":"https:\/\/mabuko.co.mz\/site\/index.php?rest_route=%2Fwp%2Fv2%2Fmedia&parent=7249"}],"wp:term":[{"taxonomy":"product_cat","embeddable":true,"href":"https:\/\/mabuko.co.mz\/site\/index.php?rest_route=%2Fwp%2Fv2%2Fproduct_cat&post=7249"},{"taxonomy":"product_tag","embeddable":true,"href":"https:\/\/mabuko.co.mz\/site\/index.php?rest_route=%2Fwp%2Fv2%2Fproduct_tag&post=7249"}],"curies":[{"name":"wp","href":"https:\/\/api.w.org\/{rel}","templated":true}]}}