{"id":7234,"date":"2022-11-02T10:11:09","date_gmt":"2022-11-02T10:11:09","guid":{"rendered":"https:\/\/mabuko.co.mz\/?post_type=product&#038;p=7234"},"modified":"2023-01-10T14:00:35","modified_gmt":"2023-01-10T14:00:35","slug":"viva-a-vida","status":"publish","type":"product","link":"https:\/\/mabuko.co.mz\/site\/?product=viva-a-vida","title":{"rendered":"VIVA A VIDA!"},"content":{"rendered":"<p>Guillermo Mordillo<\/p>\n<p>9789896100605<\/p>\n","protected":false},"excerpt":{"rendered":"<p><strong>SINOPSE<\/strong><\/p>\n<p>Este livro representa um verdadeiro hino \u00e0 alegria e aos bons momentos da vida! Mordillo, esse mestre da narra\u00e7\u00e3o que dispensa palavras, ama as pessoas tal como os animais, e, muito especialmente, as girafas, cujos longos pesco\u00e7os sempre lhe serviram de fonte de inspira\u00e7\u00e3o para os mais belos e divertidos desenhos. Ao longo destas p\u00e1ginas, alguns dos mais belos cartoons deste extraordin\u00e1rio artista, s\u00e3o combinados com uma cuidadosa selec\u00e7\u00e3o de cita\u00e7\u00f5es e m\u00e1ximas bem humoradas, de grandes pensadores e de pessoas c\u00e9lebres, sobre temas como a felecidade, o prazer e a alegria de viver.<\/p>\n<p>Executada pelo grande mestre argentino do cartoon e humor &#8211; Guillermo Mordillo, re\u00fane ao longo destas 64 p\u00e1ginas alguns dos seus melhores cartoons em parceria com cita\u00e7\u00f5es famosas de John Kennedy, Saint-Exup\u00e9ry, Arist\u00f3teles, Helen Keller, Mark Twain, Winston Churchill, Abraham Lincoln e muitos outros. Cada cita\u00e7\u00e3o ou frase de uma figura conhecida \u00e9 acompanhada por uma imagem \u00fanica do autor cuja obra, h\u00e1 mais de 30 anos, tem vindo a marcar o imagin\u00e1rio de sucessivas gera\u00e7\u00f5es.<br \/>\nMundialmente conhecido pelo seu tra\u00e7o e grafismo t\u00edpicos, povoado por homenzinhos gorduchos e narigudos, Mordillo orgulha-se de continuar, ainda hoje, a criar um tipo de humor que \u00e9 compreendido em todo o mundo sem recorrer \u00e0 palavra ou \u00e0 tradu\u00e7\u00e3o, exclusivamente pela for\u00e7a de express\u00e3o das imagens e do seu conte\u00fado.<\/p>\n","protected":false},"featured_media":7235,"template":"","meta":{"_monsterinsights_skip_tracking":false,"_monsterinsights_sitenote_active":false,"_monsterinsights_sitenote_note":"","_monsterinsights_sitenote_category":0},"product_cat":[205],"product_tag":[],"class_list":{"0":"post-7234","1":"product","2":"type-product","3":"status-publish","4":"has-post-thumbnail","6":"product_cat-banda-desenhada","7":"pa_book-author-guillermo-mordillo","9":"first","10":"outofstock","11":"shipping-taxable","12":"purchasable","13":"product-type-simple"},"_links":{"self":[{"href":"https:\/\/mabuko.co.mz\/site\/index.php?rest_route=\/wp\/v2\/product\/7234","targetHints":{"allow":["GET"]}}],"collection":[{"href":"https:\/\/mabuko.co.mz\/site\/index.php?rest_route=\/wp\/v2\/product"}],"about":[{"href":"https:\/\/mabuko.co.mz\/site\/index.php?rest_route=\/wp\/v2\/types\/product"}],"wp:featuredmedia":[{"embeddable":true,"href":"https:\/\/mabuko.co.mz\/site\/index.php?rest_route=\/wp\/v2\/media\/7235"}],"wp:attachment":[{"href":"https:\/\/mabuko.co.mz\/site\/index.php?rest_route=%2Fwp%2Fv2%2Fmedia&parent=7234"}],"wp:term":[{"taxonomy":"product_cat","embeddable":true,"href":"https:\/\/mabuko.co.mz\/site\/index.php?rest_route=%2Fwp%2Fv2%2Fproduct_cat&post=7234"},{"taxonomy":"product_tag","embeddable":true,"href":"https:\/\/mabuko.co.mz\/site\/index.php?rest_route=%2Fwp%2Fv2%2Fproduct_tag&post=7234"}],"curies":[{"name":"wp","href":"https:\/\/api.w.org\/{rel}","templated":true}]}}