{"id":7229,"date":"2022-11-02T09:15:49","date_gmt":"2022-11-02T09:15:49","guid":{"rendered":"https:\/\/mabuko.co.mz\/?post_type=product&#038;p=7229"},"modified":"2023-01-10T14:02:14","modified_gmt":"2023-01-10T14:02:14","slug":"como-ajudar-os-filhos-nos-estudos","status":"publish","type":"product","link":"https:\/\/mabuko.co.mz\/site\/?product=como-ajudar-os-filhos-nos-estudos","title":{"rendered":"COMO AJUDAR OS FILHOS NOS ESTUDOS"},"content":{"rendered":"<p>Manuela Matos Monteiro<\/p>\n<p>9789720349248<\/p>\n<p>&nbsp;<\/p>\n","protected":false},"excerpt":{"rendered":"<p><strong>SINOPSE<\/strong><\/p>\n<p>\u00c9 ineg\u00e1vel que os pais s\u00e3o os principais educadores, os modelos mais importantes na educa\u00e7\u00e3o e na forma\u00e7\u00e3o dos jovens. Compatibilizar este papel com as solicita\u00e7\u00f5es da escola \u00e9 muitas vezes dif\u00edcil: ora se considera que os pais interv\u00eam demasiado na vida<\/p>\n","protected":false},"featured_media":7231,"template":"","meta":{"_monsterinsights_skip_tracking":false,"_monsterinsights_sitenote_active":false,"_monsterinsights_sitenote_note":"","_monsterinsights_sitenote_category":0},"product_cat":[108],"product_tag":[],"class_list":{"0":"post-7229","1":"product","2":"type-product","3":"status-publish","4":"has-post-thumbnail","6":"product_cat-auto-ajuda","7":"pa_book-author-varios-autores","9":"first","10":"outofstock","11":"shipping-taxable","12":"purchasable","13":"product-type-simple"},"_links":{"self":[{"href":"https:\/\/mabuko.co.mz\/site\/index.php?rest_route=\/wp\/v2\/product\/7229","targetHints":{"allow":["GET"]}}],"collection":[{"href":"https:\/\/mabuko.co.mz\/site\/index.php?rest_route=\/wp\/v2\/product"}],"about":[{"href":"https:\/\/mabuko.co.mz\/site\/index.php?rest_route=\/wp\/v2\/types\/product"}],"wp:featuredmedia":[{"embeddable":true,"href":"https:\/\/mabuko.co.mz\/site\/index.php?rest_route=\/wp\/v2\/media\/7231"}],"wp:attachment":[{"href":"https:\/\/mabuko.co.mz\/site\/index.php?rest_route=%2Fwp%2Fv2%2Fmedia&parent=7229"}],"wp:term":[{"taxonomy":"product_cat","embeddable":true,"href":"https:\/\/mabuko.co.mz\/site\/index.php?rest_route=%2Fwp%2Fv2%2Fproduct_cat&post=7229"},{"taxonomy":"product_tag","embeddable":true,"href":"https:\/\/mabuko.co.mz\/site\/index.php?rest_route=%2Fwp%2Fv2%2Fproduct_tag&post=7229"}],"curies":[{"name":"wp","href":"https:\/\/api.w.org\/{rel}","templated":true}]}}