{"id":7227,"date":"2022-11-02T09:07:24","date_gmt":"2022-11-02T09:07:24","guid":{"rendered":"https:\/\/mabuko.co.mz\/?post_type=product&#038;p=7227"},"modified":"2023-01-10T14:03:08","modified_gmt":"2023-01-10T14:03:08","slug":"a-sorte-que-move-o-destino","status":"publish","type":"product","link":"https:\/\/mabuko.co.mz\/site\/?product=a-sorte-que-move-o-destino","title":{"rendered":"A SORTE QUE MOVE O DESTINO"},"content":{"rendered":"<p>Matthew Quick<\/p>\n<p>9789722353243<\/p>\n","protected":false},"excerpt":{"rendered":"<p><strong>SINOPSE<\/strong><\/p>\n<p>Durante trinta e oito anos, Bartholomew Neil viveu com a m\u00e3e e para a m\u00e3e&#8230; at\u00e9 ao momento em que ela adoece gravemente e morre. Sem saber como ir\u00e1 continuar a viver sem ela, come\u00e7a a procurar um novo rumo para a sua vida, e a primeira pista que lhe aparece surge justamente numa das gavetas da m\u00e3e &#8211; uma carta assinada por Richard Gere, o pr\u00f3prio. Acreditando piamente que o famoso ator est\u00e1 destinado a ajud\u00e1-lo, Bartholomew escreve-lhe uma s\u00e9rie de cartas contando-lhe todos os pormenores da sua vida. E \u00e9 assim que, na companhia de um grupo de amigos e do esp\u00edrito de Gere, Bartholomew viaja at\u00e9 ao Canad\u00e1, numa demanda que se revelar\u00e1 pr\u00f3diga em surpresas\u2026 Com humor e sabedoria de vida, este novo romance de Mathew Quick fala-nos da vontade sincera de um homem inadaptado de construir o seu pr\u00f3prio projecto de vida.<\/p>\n","protected":false},"featured_media":7228,"template":"","meta":{"_monsterinsights_skip_tracking":false,"_monsterinsights_sitenote_active":false,"_monsterinsights_sitenote_note":"","_monsterinsights_sitenote_category":0},"product_cat":[105],"product_tag":[],"class_list":{"0":"post-7227","1":"product","2":"type-product","3":"status-publish","4":"has-post-thumbnail","6":"product_cat-romance","7":"pa_book-author-matthew-quick","9":"first","10":"outofstock","11":"shipping-taxable","12":"purchasable","13":"product-type-simple"},"_links":{"self":[{"href":"https:\/\/mabuko.co.mz\/site\/index.php?rest_route=\/wp\/v2\/product\/7227","targetHints":{"allow":["GET"]}}],"collection":[{"href":"https:\/\/mabuko.co.mz\/site\/index.php?rest_route=\/wp\/v2\/product"}],"about":[{"href":"https:\/\/mabuko.co.mz\/site\/index.php?rest_route=\/wp\/v2\/types\/product"}],"wp:featuredmedia":[{"embeddable":true,"href":"https:\/\/mabuko.co.mz\/site\/index.php?rest_route=\/wp\/v2\/media\/7228"}],"wp:attachment":[{"href":"https:\/\/mabuko.co.mz\/site\/index.php?rest_route=%2Fwp%2Fv2%2Fmedia&parent=7227"}],"wp:term":[{"taxonomy":"product_cat","embeddable":true,"href":"https:\/\/mabuko.co.mz\/site\/index.php?rest_route=%2Fwp%2Fv2%2Fproduct_cat&post=7227"},{"taxonomy":"product_tag","embeddable":true,"href":"https:\/\/mabuko.co.mz\/site\/index.php?rest_route=%2Fwp%2Fv2%2Fproduct_tag&post=7227"}],"curies":[{"name":"wp","href":"https:\/\/api.w.org\/{rel}","templated":true}]}}