{"id":7222,"date":"2022-11-02T08:30:48","date_gmt":"2022-11-02T08:30:48","guid":{"rendered":"https:\/\/mabuko.co.mz\/?post_type=product&#038;p=7222"},"modified":"2023-01-10T14:06:37","modified_gmt":"2023-01-10T14:06:37","slug":"a-via-do-rebelde-inteligente","status":"publish","type":"product","link":"https:\/\/mabuko.co.mz\/site\/?product=a-via-do-rebelde-inteligente","title":{"rendered":"A VIA DO REBELDE INTELIGENTE"},"content":{"rendered":"<p>Olivier Roland<\/p>\n<p>9789725925942<\/p>\n","protected":false},"excerpt":{"rendered":"<h3 style=\"margin: 0cm; margin-bottom: .0001pt; line-height: 18.0pt;\"><strong><span style=\"font-size: 12.0pt; font-family: 'Arial','sans-serif'; color: #474948; letter-spacing: -.4pt;\">SINOPSE<\/span><\/strong><\/h3>\n<p>&nbsp;<\/p>\n<p>H\u00c1 MAIS NA VIDA DO QUE ESTUDAR, DORMIR, TRABALHAR, E REPETIR ESTE<br \/>\nCICLO AT\u00c9 \u00c0 REFORMA.<\/p>\n<p>N\u00e3o fomos feitos para um estilo de vida que serve a todos. Ent\u00e3o, porque n\u00e3o escolher um percurso em que cria as suas pr\u00f3prias regras, segue os seus interesses e vive uma vida gratificante e com prop\u00f3sito?<br \/>\nEscapar ao \u00absistema\u00bb e tornar-se empreendedor ou criativo pode ser intimidante, mas, com este guia passo a passo para assumir o controlo da sua vida, alcan\u00e7ar o seu potencial e construir um neg\u00f3cio sustent\u00e1vel com risco m\u00ednimo, descobrir\u00e1 que o caminho do rebelde inteligente \u00e9, afinal, um percurso rumo \u00e0 liberdade e \u00e0 autorrealiza\u00e7\u00e3o.<br \/>\nAprender\u00e1 a:<br \/>\nx evitar as limita\u00e7\u00f5es da educa\u00e7\u00e3o tradicional, de forma a aprender eficazmente;<br \/>\no criar um neg\u00f3cio vi\u00e1vel e sustent\u00e1vel que satisfaz o seu estilo de vida;<br \/>\nx implementar ferramentas e estrat\u00e9gias inovadoras para o sucesso; o iniciar o seu neg\u00f3cio em part-time, mesmo que tenha um trabalho ou esteja a estudar;<br \/>\nx aperfei\u00e7oar a sua autoaprendizagem com t\u00e9cnicas revolucion\u00e1rias;<br \/>\no compreender e aceitar o seu objectivo e viver com felicidade e liberdade.<br \/>\n\u00c9 tempo de largar a rotina di\u00e1ria, alargar a sua mente e come\u00e7ar um neg\u00f3cio que celebre e satisfa\u00e7a os seus valores, a sua individualidade e a vida dos seus sonhos.<\/p>\n","protected":false},"featured_media":7223,"template":"","meta":{"_monsterinsights_skip_tracking":false,"_monsterinsights_sitenote_active":false,"_monsterinsights_sitenote_note":"","_monsterinsights_sitenote_category":0},"product_cat":[108],"product_tag":[],"class_list":{"0":"post-7222","1":"product","2":"type-product","3":"status-publish","4":"has-post-thumbnail","6":"product_cat-auto-ajuda","7":"pa_book-author-olivier-roland","9":"first","10":"outofstock","11":"shipping-taxable","12":"purchasable","13":"product-type-simple"},"_links":{"self":[{"href":"https:\/\/mabuko.co.mz\/site\/index.php?rest_route=\/wp\/v2\/product\/7222","targetHints":{"allow":["GET"]}}],"collection":[{"href":"https:\/\/mabuko.co.mz\/site\/index.php?rest_route=\/wp\/v2\/product"}],"about":[{"href":"https:\/\/mabuko.co.mz\/site\/index.php?rest_route=\/wp\/v2\/types\/product"}],"wp:featuredmedia":[{"embeddable":true,"href":"https:\/\/mabuko.co.mz\/site\/index.php?rest_route=\/wp\/v2\/media\/7223"}],"wp:attachment":[{"href":"https:\/\/mabuko.co.mz\/site\/index.php?rest_route=%2Fwp%2Fv2%2Fmedia&parent=7222"}],"wp:term":[{"taxonomy":"product_cat","embeddable":true,"href":"https:\/\/mabuko.co.mz\/site\/index.php?rest_route=%2Fwp%2Fv2%2Fproduct_cat&post=7222"},{"taxonomy":"product_tag","embeddable":true,"href":"https:\/\/mabuko.co.mz\/site\/index.php?rest_route=%2Fwp%2Fv2%2Fproduct_tag&post=7222"}],"curies":[{"name":"wp","href":"https:\/\/api.w.org\/{rel}","templated":true}]}}