{"id":7196,"date":"2022-11-01T14:51:52","date_gmt":"2022-11-01T14:51:52","guid":{"rendered":"https:\/\/mabuko.co.mz\/?post_type=product&#038;p=7196"},"modified":"2023-01-10T13:23:05","modified_gmt":"2023-01-10T13:23:05","slug":"a-muralha-invisivel","status":"publish","type":"product","link":"https:\/\/mabuko.co.mz\/site\/?product=a-muralha-invisivel","title":{"rendered":"A MURALHA INVIS\u00cdVEL"},"content":{"rendered":"<p>Henning Mankell<\/p>\n<p>9789722339803<\/p>\n","protected":false},"excerpt":{"rendered":"<p><strong>SINOPSE<\/strong><\/p>\n<p>A s\u00e9rie de policial de culto da autoria de Henning Mankell protagonizada pelo detective Kurt Wallander volta uma vez mais a cair nas prefer\u00eancias dos leitores. Desta vez, \u00e9 prov\u00e1vel que fiquem em suspenso para ver o que acontecer\u00e1 ao detective, sentindo os n\u00edveis de adrenalina a elevar-se pois n\u00e3o \u00e9 sempre que Wallander quase se encontra com a morte. E desta feita, foram tr\u00eas vezes. Em A Muralha Invis\u00edvel assistimos a diversos acontecimentos. Um homem que tenta levantar dinheiro de uma caixa e inexplicavelmente cai no ch\u00e3o morto. A par disso, um taxista \u00e9 brutalmente assassinado por duas adolescentes que apesar de confessarem o crime, n\u00e3o se sentem culpabilizadas por ele. Uma delas escapa \u00e0 cust\u00f3dia da pol\u00edcia e desaparece sem deixar rasto at\u00e9 mais tarde vir a ser encontrada morta dentro de um terminal el\u00e9ctrico, o que provoca um blackout em metade do pa\u00eds. Kurt Wallander tem a convic\u00e7\u00e3o de que estes eventos se encontram relacionados e a procura pela verdade leva-o a imiscuir-se no seio de grupos terroristas, escondidos sob o anonimato da Internet. Mais um caso sem precedentes para Wallander solucionar.<\/p>\n","protected":false},"featured_media":7197,"template":"","meta":{"_monsterinsights_skip_tracking":false,"_monsterinsights_sitenote_active":false,"_monsterinsights_sitenote_note":"","_monsterinsights_sitenote_category":0},"product_cat":[103],"product_tag":[],"class_list":{"0":"post-7196","1":"product","2":"type-product","3":"status-publish","4":"has-post-thumbnail","6":"product_cat-literatura","7":"pa_book-author-henning-mankell","9":"first","10":"outofstock","11":"shipping-taxable","12":"purchasable","13":"product-type-simple"},"_links":{"self":[{"href":"https:\/\/mabuko.co.mz\/site\/index.php?rest_route=\/wp\/v2\/product\/7196","targetHints":{"allow":["GET"]}}],"collection":[{"href":"https:\/\/mabuko.co.mz\/site\/index.php?rest_route=\/wp\/v2\/product"}],"about":[{"href":"https:\/\/mabuko.co.mz\/site\/index.php?rest_route=\/wp\/v2\/types\/product"}],"wp:featuredmedia":[{"embeddable":true,"href":"https:\/\/mabuko.co.mz\/site\/index.php?rest_route=\/wp\/v2\/media\/7197"}],"wp:attachment":[{"href":"https:\/\/mabuko.co.mz\/site\/index.php?rest_route=%2Fwp%2Fv2%2Fmedia&parent=7196"}],"wp:term":[{"taxonomy":"product_cat","embeddable":true,"href":"https:\/\/mabuko.co.mz\/site\/index.php?rest_route=%2Fwp%2Fv2%2Fproduct_cat&post=7196"},{"taxonomy":"product_tag","embeddable":true,"href":"https:\/\/mabuko.co.mz\/site\/index.php?rest_route=%2Fwp%2Fv2%2Fproduct_tag&post=7196"}],"curies":[{"name":"wp","href":"https:\/\/api.w.org\/{rel}","templated":true}]}}