{"id":7192,"date":"2022-11-01T14:45:38","date_gmt":"2022-11-01T14:45:38","guid":{"rendered":"https:\/\/mabuko.co.mz\/?post_type=product&#038;p=7192"},"modified":"2023-01-10T13:23:47","modified_gmt":"2023-01-10T13:23:47","slug":"o-assassinato-de-pitagoras","status":"publish","type":"product","link":"https:\/\/mabuko.co.mz\/site\/?product=o-assassinato-de-pitagoras","title":{"rendered":"O ASSASSINATO DE PIT\u00c1GORAS"},"content":{"rendered":"<h2 style=\"background: white;\"><span style=\"font-size: 12.0pt; line-height: 115%; font-family: 'BryantProLight','serif'; color: #262626; font-weight: normal;\">Marcos Chicot<\/span><\/h2>\n<p>9789722355506<\/p>\n","protected":false},"excerpt":{"rendered":"<p><strong>SINOPSE<\/strong><\/p>\n<p>Mist\u00e9rio, enigmas, intriga, paix\u00e3o, erotismo&#8230; e muito suspense num fascinante thriller hist\u00f3rico, baseado em factos reais, que nos transporta at\u00e9 \u00e0 Gr\u00e9cia Antiga e \u00e0 vida de Pit\u00e1goras, uma figura incontorn\u00e1vel que muito contribuiu para o avan\u00e7o da humanidade. Corre o ano de 510 a. C. em Crotona, uma das col\u00f3nias da Magna Gr\u00e9cia, no mar J\u00f3nico. Pit\u00e1goras, com 70 anos, est\u00e1 prestes a escolher o seu sucessor entre os melhores dos seus disc\u00edpulos quando, de s\u00fabito, estes come\u00e7am a ser assassinados\u2026 Para resolver o caso, Pit\u00e1goras contrata os servi\u00e7os de Akenon, um famoso investigador eg\u00edpcio e, juntamente com a filha mais nova de Pit\u00e1goras, Ariadna, v\u00e3o tentar descobrir a identidade e a motiva\u00e7\u00e3o do misterioso assassino que amea\u00e7a toda a comunidade pitag\u00f3rica e a vida do seu pr\u00f3prio mestre.<\/p>\n","protected":false},"featured_media":7194,"template":"","meta":{"_monsterinsights_skip_tracking":false,"_monsterinsights_sitenote_active":false,"_monsterinsights_sitenote_note":"","_monsterinsights_sitenote_category":0},"product_cat":[105],"product_tag":[],"class_list":{"0":"post-7192","1":"product","2":"type-product","3":"status-publish","4":"has-post-thumbnail","6":"product_cat-romance","7":"pa_book-author-marcos-chicot","9":"first","10":"outofstock","11":"shipping-taxable","12":"purchasable","13":"product-type-simple"},"_links":{"self":[{"href":"https:\/\/mabuko.co.mz\/site\/index.php?rest_route=\/wp\/v2\/product\/7192","targetHints":{"allow":["GET"]}}],"collection":[{"href":"https:\/\/mabuko.co.mz\/site\/index.php?rest_route=\/wp\/v2\/product"}],"about":[{"href":"https:\/\/mabuko.co.mz\/site\/index.php?rest_route=\/wp\/v2\/types\/product"}],"wp:featuredmedia":[{"embeddable":true,"href":"https:\/\/mabuko.co.mz\/site\/index.php?rest_route=\/wp\/v2\/media\/7194"}],"wp:attachment":[{"href":"https:\/\/mabuko.co.mz\/site\/index.php?rest_route=%2Fwp%2Fv2%2Fmedia&parent=7192"}],"wp:term":[{"taxonomy":"product_cat","embeddable":true,"href":"https:\/\/mabuko.co.mz\/site\/index.php?rest_route=%2Fwp%2Fv2%2Fproduct_cat&post=7192"},{"taxonomy":"product_tag","embeddable":true,"href":"https:\/\/mabuko.co.mz\/site\/index.php?rest_route=%2Fwp%2Fv2%2Fproduct_tag&post=7192"}],"curies":[{"name":"wp","href":"https:\/\/api.w.org\/{rel}","templated":true}]}}