{"id":7185,"date":"2022-11-01T14:06:48","date_gmt":"2022-11-01T14:06:48","guid":{"rendered":"https:\/\/mabuko.co.mz\/?post_type=product&#038;p=7185"},"modified":"2023-01-10T13:25:56","modified_gmt":"2023-01-10T13:25:56","slug":"red-earth","status":"publish","type":"product","link":"https:\/\/mabuko.co.mz\/site\/?product=red-earth","title":{"rendered":"RED EARTH"},"content":{"rendered":"<p>Tony Park<\/p>\n<p>9781770105232<\/p>\n","protected":false},"excerpt":{"rendered":"<p><strong>SINOPSE<\/strong><\/p>\n<p>Nos arredores de Durban, um carro \u00e9 roubado. A dona, Suzanne Fessey, revida e mata um ladr\u00e3o, mas o outro, ferido, escapa com seu beb\u00ea amarrado no banco de tr\u00e1s.<br \/>\nChamados para perseguir o ve\u00edculo desaparecido est\u00e3o a piloto do rastreador de helic\u00f3ptero Nia Carras e o pesquisador de vida selvagem Mike Dunn, o \u00fanico homem pr\u00f3ximo no solo que pode seguir o carro.<br \/>\nA pol\u00edcia tem problemas maiores; um homem-bomba matou o<br \/>\nembaixador americano visitante, e o caos se abateu sobre KwaZulu-Natal.<br \/>\nEnquanto Mike e Nia rastreiam o beb\u00ea desaparecido atrav\u00e9s de reservas de ca\u00e7a de Zululand ao Zimb\u00e1bue, eles logo percebem que Suzanne \u00e9 muito mais do que uma m\u00e3e preocupada e que a guerra ao terror estourou em sua parte do mundo.<\/p>\n","protected":false},"featured_media":7186,"template":"","meta":{"_monsterinsights_skip_tracking":false,"_monsterinsights_sitenote_active":false,"_monsterinsights_sitenote_note":"","_monsterinsights_sitenote_category":0},"product_cat":[103],"product_tag":[],"class_list":{"0":"post-7185","1":"product","2":"type-product","3":"status-publish","4":"has-post-thumbnail","6":"product_cat-literatura","7":"pa_book-author-tony-park","9":"first","10":"outofstock","11":"shipping-taxable","12":"purchasable","13":"product-type-simple"},"_links":{"self":[{"href":"https:\/\/mabuko.co.mz\/site\/index.php?rest_route=\/wp\/v2\/product\/7185","targetHints":{"allow":["GET"]}}],"collection":[{"href":"https:\/\/mabuko.co.mz\/site\/index.php?rest_route=\/wp\/v2\/product"}],"about":[{"href":"https:\/\/mabuko.co.mz\/site\/index.php?rest_route=\/wp\/v2\/types\/product"}],"wp:featuredmedia":[{"embeddable":true,"href":"https:\/\/mabuko.co.mz\/site\/index.php?rest_route=\/wp\/v2\/media\/7186"}],"wp:attachment":[{"href":"https:\/\/mabuko.co.mz\/site\/index.php?rest_route=%2Fwp%2Fv2%2Fmedia&parent=7185"}],"wp:term":[{"taxonomy":"product_cat","embeddable":true,"href":"https:\/\/mabuko.co.mz\/site\/index.php?rest_route=%2Fwp%2Fv2%2Fproduct_cat&post=7185"},{"taxonomy":"product_tag","embeddable":true,"href":"https:\/\/mabuko.co.mz\/site\/index.php?rest_route=%2Fwp%2Fv2%2Fproduct_tag&post=7185"}],"curies":[{"name":"wp","href":"https:\/\/api.w.org\/{rel}","templated":true}]}}