{"id":7182,"date":"2022-11-01T13:47:16","date_gmt":"2022-11-01T13:47:16","guid":{"rendered":"https:\/\/mabuko.co.mz\/?post_type=product&#038;p=7182"},"modified":"2023-01-10T13:26:43","modified_gmt":"2023-01-10T13:26:43","slug":"um-segredo-amargo-e-doce","status":"publish","type":"product","link":"https:\/\/mabuko.co.mz\/site\/?product=um-segredo-amargo-e-doce","title":{"rendered":"UM SEGREDO AMARGO E DOCE"},"content":{"rendered":"<p>Barbara Delinsky<\/p>\n<p>9789722358569<\/p>\n","protected":false},"excerpt":{"rendered":"<p><strong>SINOPSE<\/strong><\/p>\n<p align=\"justify\">Embora os Ver\u00f5es passados na ilha de Quinnipeague permane\u00e7am na mem\u00f3ria, os anos trataram de separar Charlotte e Nicole, que em tempos foram as melhores amigas. Sobre elas pairam segredos por desvendar .<\/p>\n<p align=\"justify\">Nicole casou-se com um cirurgi\u00e3o e criou um blogue de receitas. Charlotte tornou -se uma escritora de viagens bem-sucedida. Convidada a escrever um livro sobre a culin\u00e1ria de Quinnipeague, Nicole prop\u00f5e parceria \u00e0 amiga, o que lhes proporciona uma temporada juntas em nome dos velhos tempos. Charlotte n\u00e3o consegue recusar. A oportunidade de reatar a amizade afigura-se-lhe por demais tentadora, apesar de os segredos serem demasiado pesados. De novo juntas, sentem que \u00e9 poss\u00edvel viverem a mesma amizade, mas a doen\u00e7a do marido de Nicole cedo perturba este fr\u00e1gil equil\u00edbrio.<\/p>\n<p align=\"justify\">\n","protected":false},"featured_media":7183,"template":"","meta":{"_monsterinsights_skip_tracking":false,"_monsterinsights_sitenote_active":false,"_monsterinsights_sitenote_note":"","_monsterinsights_sitenote_category":0},"product_cat":[105],"product_tag":[],"class_list":{"0":"post-7182","1":"product","2":"type-product","3":"status-publish","4":"has-post-thumbnail","6":"product_cat-romance","7":"pa_book-author-barbara-delinsky","9":"first","10":"outofstock","11":"shipping-taxable","12":"purchasable","13":"product-type-simple"},"_links":{"self":[{"href":"https:\/\/mabuko.co.mz\/site\/index.php?rest_route=\/wp\/v2\/product\/7182","targetHints":{"allow":["GET"]}}],"collection":[{"href":"https:\/\/mabuko.co.mz\/site\/index.php?rest_route=\/wp\/v2\/product"}],"about":[{"href":"https:\/\/mabuko.co.mz\/site\/index.php?rest_route=\/wp\/v2\/types\/product"}],"wp:featuredmedia":[{"embeddable":true,"href":"https:\/\/mabuko.co.mz\/site\/index.php?rest_route=\/wp\/v2\/media\/7183"}],"wp:attachment":[{"href":"https:\/\/mabuko.co.mz\/site\/index.php?rest_route=%2Fwp%2Fv2%2Fmedia&parent=7182"}],"wp:term":[{"taxonomy":"product_cat","embeddable":true,"href":"https:\/\/mabuko.co.mz\/site\/index.php?rest_route=%2Fwp%2Fv2%2Fproduct_cat&post=7182"},{"taxonomy":"product_tag","embeddable":true,"href":"https:\/\/mabuko.co.mz\/site\/index.php?rest_route=%2Fwp%2Fv2%2Fproduct_tag&post=7182"}],"curies":[{"name":"wp","href":"https:\/\/api.w.org\/{rel}","templated":true}]}}