{"id":7180,"date":"2022-11-01T13:26:25","date_gmt":"2022-11-01T13:26:25","guid":{"rendered":"https:\/\/mabuko.co.mz\/?post_type=product&#038;p=7180"},"modified":"2023-01-10T13:27:33","modified_gmt":"2023-01-10T13:27:33","slug":"a-inaudita-guerra-da-avenida-gago-coutinho","status":"publish","type":"product","link":"https:\/\/mabuko.co.mz\/site\/?product=a-inaudita-guerra-da-avenida-gago-coutinho","title":{"rendered":"A INAUDITA GUERRA DA AVENIDA GAGO COUTINHO"},"content":{"rendered":"<p>M\u00e1rio de Carvalho<\/p>\n<p>9789720044358<\/p>\n","protected":false},"excerpt":{"rendered":"<p><strong>SINOPSE<\/strong><\/p>\n<p>Uma horda de cavaleiros berberes do s\u00e9culo XII v\u00ea-se subitamente em plena Avenida Gago Coutinho por inc\u00faria da deusa Clio, que se deixa adormecer, enredando na sua tape\u00e7aria milenar os acontecimentos de 4 de Junho de 1148 e 29 de Setembro de 1984. Um elevador n\u00e3o p\u00e1ra de subir. Um frade no seu convento resiste ao Dia do Ju\u00edzo Final. Um homem simples vive um quotidiano dantesco. Um chimpanz\u00e9 \u00e9 capaz de reescrever a obra &#8220;Menina e Mo\u00e7a&#8221;. Um navio negro, desarvorado, muito maltratado pelo mar, d\u00e1 \u00e0 costa, trazendo consigo a pestil\u00eancia. Um padre exorcista tem uma estranha particularidade anat\u00f3mica.<\/p>\n","protected":false},"featured_media":7181,"template":"","meta":{"_monsterinsights_skip_tracking":false,"_monsterinsights_sitenote_active":false,"_monsterinsights_sitenote_note":"","_monsterinsights_sitenote_category":0},"product_cat":[103],"product_tag":[],"class_list":{"0":"post-7180","1":"product","2":"type-product","3":"status-publish","4":"has-post-thumbnail","6":"product_cat-literatura","7":"pa_book-author-mario-de-carvalho","9":"first","10":"outofstock","11":"shipping-taxable","12":"purchasable","13":"product-type-simple"},"_links":{"self":[{"href":"https:\/\/mabuko.co.mz\/site\/index.php?rest_route=\/wp\/v2\/product\/7180","targetHints":{"allow":["GET"]}}],"collection":[{"href":"https:\/\/mabuko.co.mz\/site\/index.php?rest_route=\/wp\/v2\/product"}],"about":[{"href":"https:\/\/mabuko.co.mz\/site\/index.php?rest_route=\/wp\/v2\/types\/product"}],"wp:featuredmedia":[{"embeddable":true,"href":"https:\/\/mabuko.co.mz\/site\/index.php?rest_route=\/wp\/v2\/media\/7181"}],"wp:attachment":[{"href":"https:\/\/mabuko.co.mz\/site\/index.php?rest_route=%2Fwp%2Fv2%2Fmedia&parent=7180"}],"wp:term":[{"taxonomy":"product_cat","embeddable":true,"href":"https:\/\/mabuko.co.mz\/site\/index.php?rest_route=%2Fwp%2Fv2%2Fproduct_cat&post=7180"},{"taxonomy":"product_tag","embeddable":true,"href":"https:\/\/mabuko.co.mz\/site\/index.php?rest_route=%2Fwp%2Fv2%2Fproduct_tag&post=7180"}],"curies":[{"name":"wp","href":"https:\/\/api.w.org\/{rel}","templated":true}]}}