{"id":7177,"date":"2022-11-01T13:09:37","date_gmt":"2022-11-01T13:09:37","guid":{"rendered":"https:\/\/mabuko.co.mz\/?post_type=product&#038;p=7177"},"modified":"2023-01-10T13:28:29","modified_gmt":"2023-01-10T13:28:29","slug":"uma-deusa-para-o-rei","status":"publish","type":"product","link":"https:\/\/mabuko.co.mz\/site\/?product=uma-deusa-para-o-rei","title":{"rendered":"UMA DEUSA PARA O REI"},"content":{"rendered":"<p>Mari Pau Dominguez<\/p>\n<p>9789722348928<\/p>\n","protected":false},"excerpt":{"rendered":"<p><strong>SINOPSE<\/strong><\/p>\n<p>Salamanca, 1543. Com apenas 16 anos, o futuro rei Filipe II de Espanha antecipa inquieto o momento que mudar\u00e1 a sua vida: o casamento com a prima Maria Manuela de Portugal. Os interesses estrat\u00e9gicos de Espanha imp\u00f5em que o pr\u00edncipe cumpra o seu dever, mas o jovem impulsivo n\u00e3o consegue renunciar \u00e0 rela\u00e7\u00e3o que mant\u00e9m com Isabel de Osorio, dama de companhia da sua irm\u00e3. Durante mais de quinze anos, esta paix\u00e3o intensa incendiar\u00e1 os cora\u00e7\u00f5es dos dois amantes &#8211; sem no entanto nunca se conseguir sobrepor aos des\u00edgnios de uma na\u00e7\u00e3o&#8230;<\/p>\n","protected":false},"featured_media":7179,"template":"","meta":{"_monsterinsights_skip_tracking":false,"_monsterinsights_sitenote_active":false,"_monsterinsights_sitenote_note":"","_monsterinsights_sitenote_category":0},"product_cat":[105],"product_tag":[],"class_list":{"0":"post-7177","1":"product","2":"type-product","3":"status-publish","4":"has-post-thumbnail","6":"product_cat-romance","7":"pa_book-author-mari-pau-dominguez","9":"first","10":"outofstock","11":"shipping-taxable","12":"purchasable","13":"product-type-simple"},"_links":{"self":[{"href":"https:\/\/mabuko.co.mz\/site\/index.php?rest_route=\/wp\/v2\/product\/7177","targetHints":{"allow":["GET"]}}],"collection":[{"href":"https:\/\/mabuko.co.mz\/site\/index.php?rest_route=\/wp\/v2\/product"}],"about":[{"href":"https:\/\/mabuko.co.mz\/site\/index.php?rest_route=\/wp\/v2\/types\/product"}],"wp:featuredmedia":[{"embeddable":true,"href":"https:\/\/mabuko.co.mz\/site\/index.php?rest_route=\/wp\/v2\/media\/7179"}],"wp:attachment":[{"href":"https:\/\/mabuko.co.mz\/site\/index.php?rest_route=%2Fwp%2Fv2%2Fmedia&parent=7177"}],"wp:term":[{"taxonomy":"product_cat","embeddable":true,"href":"https:\/\/mabuko.co.mz\/site\/index.php?rest_route=%2Fwp%2Fv2%2Fproduct_cat&post=7177"},{"taxonomy":"product_tag","embeddable":true,"href":"https:\/\/mabuko.co.mz\/site\/index.php?rest_route=%2Fwp%2Fv2%2Fproduct_tag&post=7177"}],"curies":[{"name":"wp","href":"https:\/\/api.w.org\/{rel}","templated":true}]}}