{"id":7174,"date":"2022-11-01T12:40:40","date_gmt":"2022-11-01T12:40:40","guid":{"rendered":"https:\/\/mabuko.co.mz\/?post_type=product&#038;p=7174"},"modified":"2023-01-10T13:29:02","modified_gmt":"2023-01-10T13:29:02","slug":"o-codigo-da-vinci","status":"publish","type":"product","link":"https:\/\/mabuko.co.mz\/site\/?product=o-codigo-da-vinci","title":{"rendered":"O C\u00d3DIGO DA VINCI"},"content":{"rendered":"<p>Dan Brown<\/p>\n<p>9789722520454<\/p>\n","protected":false},"excerpt":{"rendered":"<p><strong>SINOPSE<\/strong><\/p>\n<p>Robert Langdon, conceituado simbologista, est\u00e1 em Paris para fazer uma palestra quando recebe uma not\u00edcia inesperada: o velho curador do Louvre foi encontrado morto no museu, e um c\u00f3digo indecifr\u00e1vel encontrado junto do cad\u00e1ver. Na tentativa de decifrar o estranho c\u00f3digo, Langdon e uma dotada criptologista francesa, Sophie Neveu, descobrem, estupefactos, uma s\u00e9rie de pistas inscritas nas obras de Leonardo da Vinci, que o pintor engenhosamente disfar\u00e7ou. Tudo se complica quando Langdon descobre uma surpreendente liga\u00e7\u00e3o: o falecido curador estava envolvido com o Priorado de Si\u00e3o, uma sociedade secreta a que tinham pertencido Sir Isaac Newton, Botticelli, Victor Hugo e Da Vinci, entre outros.<\/p>\n","protected":false},"featured_media":7175,"template":"","meta":{"_monsterinsights_skip_tracking":false,"_monsterinsights_sitenote_active":false,"_monsterinsights_sitenote_note":"","_monsterinsights_sitenote_category":0},"product_cat":[103],"product_tag":[],"class_list":{"0":"post-7174","1":"product","2":"type-product","3":"status-publish","4":"has-post-thumbnail","6":"product_cat-literatura","7":"pa_book-author-dan-brown","9":"first","10":"outofstock","11":"shipping-taxable","12":"purchasable","13":"product-type-simple"},"_links":{"self":[{"href":"https:\/\/mabuko.co.mz\/site\/index.php?rest_route=\/wp\/v2\/product\/7174","targetHints":{"allow":["GET"]}}],"collection":[{"href":"https:\/\/mabuko.co.mz\/site\/index.php?rest_route=\/wp\/v2\/product"}],"about":[{"href":"https:\/\/mabuko.co.mz\/site\/index.php?rest_route=\/wp\/v2\/types\/product"}],"wp:featuredmedia":[{"embeddable":true,"href":"https:\/\/mabuko.co.mz\/site\/index.php?rest_route=\/wp\/v2\/media\/7175"}],"wp:attachment":[{"href":"https:\/\/mabuko.co.mz\/site\/index.php?rest_route=%2Fwp%2Fv2%2Fmedia&parent=7174"}],"wp:term":[{"taxonomy":"product_cat","embeddable":true,"href":"https:\/\/mabuko.co.mz\/site\/index.php?rest_route=%2Fwp%2Fv2%2Fproduct_cat&post=7174"},{"taxonomy":"product_tag","embeddable":true,"href":"https:\/\/mabuko.co.mz\/site\/index.php?rest_route=%2Fwp%2Fv2%2Fproduct_tag&post=7174"}],"curies":[{"name":"wp","href":"https:\/\/api.w.org\/{rel}","templated":true}]}}