{"id":7172,"date":"2022-11-01T12:26:09","date_gmt":"2022-11-01T12:26:09","guid":{"rendered":"https:\/\/mabuko.co.mz\/?post_type=product&#038;p=7172"},"modified":"2023-01-10T13:29:33","modified_gmt":"2023-01-10T13:29:33","slug":"vitoria-a-jovem-rainha","status":"publish","type":"product","link":"https:\/\/mabuko.co.mz\/site\/?product=vitoria-a-jovem-rainha","title":{"rendered":"VIT\u00d3RIA  A Jovem Rainha"},"content":{"rendered":"<p>Daisy Goodwin<\/p>\n<p>9789722360708<\/p>\n","protected":false},"excerpt":{"rendered":"<p><strong>SINOPSE<\/strong><\/p>\n<p>Com apenas dezoito anos, Vit\u00f3ria torna-se rainha da mais poderosa na\u00e7\u00e3o do mundo.<br \/>\nMas ser\u00e1 monarca de pleno direito ou uma marionete nas m\u00e3os da m\u00e3e e do sinistro Sir John Conroy? Conseguir\u00e1 esta jovem fr\u00e1gil fazer-se respeitar por homens como o seu tio, o Duque de Cumberland, que consideram as mulheres demasiado hist\u00e9ricas para governarem?\u00a0Todos querem v\u00ea-la casada, mas Vit\u00f3ria n\u00e3o tenciona casar por conveni\u00eancia\u00a0com o seu primo Alberto, um t\u00edmido devorador de livros, que nem sequer sabe dan\u00e7ar.\u00a0Ela prefere reinar sozinha, apoiada pelo seu Primeiro-Ministro, Lord Melbourne, com idade suficiente para ser seu pai, mas o \u00fanico que consegue faz\u00ea-la rir e que acredita que ela vir\u00e1 a ser uma grande rainha.<br \/>\n<em>Vit\u00f3ria &#8211; A Jovem Rainha<\/em>\u00a0\u00e9 um romance hist\u00f3rico, com enorme aten\u00e7\u00e3o ao detalhe e uma\u00a0pesquisa que parte da correspond\u00eancia e di\u00e1rios da pr\u00f3pria rainha.\u00a0Daisy Goodwin \u00e9 tamb\u00e9m a autora do argumento da s\u00e9rie televisiva Vit\u00f3ria.<\/p>\n","protected":false},"featured_media":7173,"template":"","meta":{"_monsterinsights_skip_tracking":false,"_monsterinsights_sitenote_active":false,"_monsterinsights_sitenote_note":"","_monsterinsights_sitenote_category":0},"product_cat":[105],"product_tag":[],"class_list":{"0":"post-7172","1":"product","2":"type-product","3":"status-publish","4":"has-post-thumbnail","6":"product_cat-romance","7":"pa_book-author-daisy-goodwin","9":"first","10":"outofstock","11":"shipping-taxable","12":"purchasable","13":"product-type-simple"},"_links":{"self":[{"href":"https:\/\/mabuko.co.mz\/site\/index.php?rest_route=\/wp\/v2\/product\/7172","targetHints":{"allow":["GET"]}}],"collection":[{"href":"https:\/\/mabuko.co.mz\/site\/index.php?rest_route=\/wp\/v2\/product"}],"about":[{"href":"https:\/\/mabuko.co.mz\/site\/index.php?rest_route=\/wp\/v2\/types\/product"}],"wp:featuredmedia":[{"embeddable":true,"href":"https:\/\/mabuko.co.mz\/site\/index.php?rest_route=\/wp\/v2\/media\/7173"}],"wp:attachment":[{"href":"https:\/\/mabuko.co.mz\/site\/index.php?rest_route=%2Fwp%2Fv2%2Fmedia&parent=7172"}],"wp:term":[{"taxonomy":"product_cat","embeddable":true,"href":"https:\/\/mabuko.co.mz\/site\/index.php?rest_route=%2Fwp%2Fv2%2Fproduct_cat&post=7172"},{"taxonomy":"product_tag","embeddable":true,"href":"https:\/\/mabuko.co.mz\/site\/index.php?rest_route=%2Fwp%2Fv2%2Fproduct_tag&post=7172"}],"curies":[{"name":"wp","href":"https:\/\/api.w.org\/{rel}","templated":true}]}}