{"id":7162,"date":"2022-10-31T07:21:46","date_gmt":"2022-10-31T07:21:46","guid":{"rendered":"https:\/\/mabuko.co.mz\/?post_type=product&#038;p=7162"},"modified":"2023-01-10T13:31:49","modified_gmt":"2023-01-10T13:31:49","slug":"lusitano-fado","status":"publish","type":"product","link":"https:\/\/mabuko.co.mz\/site\/?product=lusitano-fado","title":{"rendered":"LUSITANO FADO"},"content":{"rendered":"<p>Lu\u00eds Corredoura<\/p>\n<p>9789897540196<\/p>\n","protected":false},"excerpt":{"rendered":"<div id=\"productPageSectionAboutBook-sinopseTitle\" class=\"right-title\"><strong>SINOPSE<\/strong><\/div>\n<div id=\"productPageSectionAboutBook-sinopse\" class=\"right-text\">\n<p>A verdade pode ser muito mais complexa do que a mentira. A justi\u00e7a parece adormecida, perante um poder oculto, uma sociedade ap\u00e1tica, um Portugal parco de virtudes p\u00fablicas e com demasiados v\u00edcios privados. Mas h\u00e1 quem queira denunciar essa mar\u00e9 de corrup\u00e7\u00e3o, venalidades, falsos costumes e apar\u00eancias que h\u00e1 muito se v\u00ea, sente e cheira. Tudo na vida tem um pre\u00e7o. Mas Alberto est\u00e1 disposto a tudo fazer para salvar a honra e divulgar a verdade, mesmo que isso implique o maior dos sacrif\u00edcios.<br \/>\n<i>Lusitano Fado<\/i>\u00a0\u00e9 uma hist\u00f3ria surpreendente de coragem e determina\u00e7\u00e3o, de mist\u00e9rio e revela\u00e7\u00e3o, de vingan\u00e7a e corrup\u00e7\u00e3o, mas tamb\u00e9m de paix\u00e3o, companheirismo e amizade, que vai empolgar os leitores mais exigentes e que n\u00e3o deixar\u00e1 ningu\u00e9m indiferente. A hist\u00f3ria \u00e9 sempre escrita pelos vencedores, mas os vencidos tamb\u00e9m t\u00eam mem\u00f3ria\u2026<\/p>\n<\/div>\n","protected":false},"featured_media":7163,"template":"","meta":{"_monsterinsights_skip_tracking":false,"_monsterinsights_sitenote_active":false,"_monsterinsights_sitenote_note":"","_monsterinsights_sitenote_category":0},"product_cat":[105],"product_tag":[],"class_list":{"0":"post-7162","1":"product","2":"type-product","3":"status-publish","4":"has-post-thumbnail","6":"product_cat-romance","7":"pa_book-author-luis-corredoura","9":"first","10":"outofstock","11":"shipping-taxable","12":"purchasable","13":"product-type-simple"},"_links":{"self":[{"href":"https:\/\/mabuko.co.mz\/site\/index.php?rest_route=\/wp\/v2\/product\/7162","targetHints":{"allow":["GET"]}}],"collection":[{"href":"https:\/\/mabuko.co.mz\/site\/index.php?rest_route=\/wp\/v2\/product"}],"about":[{"href":"https:\/\/mabuko.co.mz\/site\/index.php?rest_route=\/wp\/v2\/types\/product"}],"wp:featuredmedia":[{"embeddable":true,"href":"https:\/\/mabuko.co.mz\/site\/index.php?rest_route=\/wp\/v2\/media\/7163"}],"wp:attachment":[{"href":"https:\/\/mabuko.co.mz\/site\/index.php?rest_route=%2Fwp%2Fv2%2Fmedia&parent=7162"}],"wp:term":[{"taxonomy":"product_cat","embeddable":true,"href":"https:\/\/mabuko.co.mz\/site\/index.php?rest_route=%2Fwp%2Fv2%2Fproduct_cat&post=7162"},{"taxonomy":"product_tag","embeddable":true,"href":"https:\/\/mabuko.co.mz\/site\/index.php?rest_route=%2Fwp%2Fv2%2Fproduct_tag&post=7162"}],"curies":[{"name":"wp","href":"https:\/\/api.w.org\/{rel}","templated":true}]}}