{"id":7160,"date":"2022-10-31T07:07:49","date_gmt":"2022-10-31T07:07:49","guid":{"rendered":"https:\/\/mabuko.co.mz\/?post_type=product&#038;p=7160"},"modified":"2023-01-10T13:34:23","modified_gmt":"2023-01-10T13:34:23","slug":"a-torre-dos-anjos-livro-2-mundos-paralelos","status":"publish","type":"product","link":"https:\/\/mabuko.co.mz\/site\/?product=a-torre-dos-anjos-livro-2-mundos-paralelos","title":{"rendered":"A TORRE DOS ANJOS Livro 2 &#8211; Mundos Paralelos"},"content":{"rendered":"<p>Philip Pullman<\/p>\n<p>9789722361613<\/p>\n","protected":false},"excerpt":{"rendered":"<p><strong>SINOPSE<\/strong><\/p>\n<p>Mundos Paralelos \u00e9 uma trilogia magn\u00edfica que se iniciou com Os Reinos do Norte, A a\u00e7\u00e3o decorre num universo parecido com o nosso, embora diferente em muitos aspetos, Neste segundo volume, A Torre dos Anjos, Will \u00e9 um jovem determinado a descobrir a verdade acerca do desaparecimento do seu pai e, para o conseguir, tem de viajar at\u00e9 ao mundo de Citt\u00e0gazze, \u00c9 l\u00e1 que conhece Lyra, que, como ele, tem uma miss\u00e3o que pretende realizar a qualquer custo, No entanto, aquele \u00e9 um lugar estranho e inquietante, \u00c9 l\u00e1 que se situa a misteriosa Torre do Anjos, que guarda o segredo mais importante de Citt\u00e0gazze\u2026<\/p>\n<p>Traduzida em mais de 40 l\u00ednguas, esta trilogia ultrapassou j\u00e1 os 18 milh\u00f5es de exemplares vendidos em todo o mundo, tendo uma adapta\u00e7\u00e3o ao cinema, sob o t\u00edtulo A B\u00fassola Dourada, com Nicole Kidman e Daniel Craig nos principais pap\u00e9is.<\/p>\n","protected":false},"featured_media":7161,"template":"","meta":{"_monsterinsights_skip_tracking":false,"_monsterinsights_sitenote_active":false,"_monsterinsights_sitenote_note":"","_monsterinsights_sitenote_category":0},"product_cat":[135],"product_tag":[],"class_list":{"0":"post-7160","1":"product","2":"type-product","3":"status-publish","4":"has-post-thumbnail","6":"product_cat-infantil","7":"pa_book-author-philip-pullman","9":"first","10":"outofstock","11":"shipping-taxable","12":"purchasable","13":"product-type-simple"},"_links":{"self":[{"href":"https:\/\/mabuko.co.mz\/site\/index.php?rest_route=\/wp\/v2\/product\/7160","targetHints":{"allow":["GET"]}}],"collection":[{"href":"https:\/\/mabuko.co.mz\/site\/index.php?rest_route=\/wp\/v2\/product"}],"about":[{"href":"https:\/\/mabuko.co.mz\/site\/index.php?rest_route=\/wp\/v2\/types\/product"}],"wp:featuredmedia":[{"embeddable":true,"href":"https:\/\/mabuko.co.mz\/site\/index.php?rest_route=\/wp\/v2\/media\/7161"}],"wp:attachment":[{"href":"https:\/\/mabuko.co.mz\/site\/index.php?rest_route=%2Fwp%2Fv2%2Fmedia&parent=7160"}],"wp:term":[{"taxonomy":"product_cat","embeddable":true,"href":"https:\/\/mabuko.co.mz\/site\/index.php?rest_route=%2Fwp%2Fv2%2Fproduct_cat&post=7160"},{"taxonomy":"product_tag","embeddable":true,"href":"https:\/\/mabuko.co.mz\/site\/index.php?rest_route=%2Fwp%2Fv2%2Fproduct_tag&post=7160"}],"curies":[{"name":"wp","href":"https:\/\/api.w.org\/{rel}","templated":true}]}}