{"id":7155,"date":"2022-10-28T14:13:11","date_gmt":"2022-10-28T14:13:11","guid":{"rendered":"https:\/\/mabuko.co.mz\/?post_type=product&#038;p=7155"},"modified":"2023-01-10T13:34:55","modified_gmt":"2023-01-10T13:34:55","slug":"que-farei-com-este-livro","status":"publish","type":"product","link":"https:\/\/mabuko.co.mz\/site\/?product=que-farei-com-este-livro","title":{"rendered":"QUE FAREI COM ESTE LIVRO?"},"content":{"rendered":"<p>Jos\u00e9 Saramago<\/p>\n<p>9789720047144<\/p>\n","protected":false},"excerpt":{"rendered":"<p><strong>SINOPSE<\/strong><\/p>\n<p>Que farei com este livro?, pergunta-se Cam\u00f5es, segundo Jos\u00e9 Saramago, ao contemplar o seu poema Os Lus\u00edadas por fim impresso. Foi esta a pergunta que induziu Jos\u00e9 Saramago a escrever uma pe\u00e7a de teatro cuja ac\u00e7\u00e3o decorre em Almeirim e Lisboa entre Abril de 1570 e Mar\u00e7o de 1572, entre a chegada de Lu\u00eds de Cam\u00f5es a Lisboa, vindo da \u00cdndia e Mo\u00e7ambique, e a publica\u00e7\u00e3o da primeira edi\u00e7\u00e3o de Os Lus\u00edadas. No meio de personagens hist\u00f3ricas figuram outras nascidas da imagina\u00e7\u00e3o do escritor, todas em torno da edi\u00e7\u00e3o de Os Lus\u00edadas. \u00abSe eu fosse esmolar pelas ruas e pra\u00e7as talvez me dessem dinheiro para comer. Mas n\u00e3o mo dariam se eu dissesse que o destinava a pagar ao livreiro que me imprimisse o livro.\u00bb Ser\u00e1 necess\u00e1rio ler este livro para saber se foi Cam\u00f5es ou Saramago quem assim falou. Caligrafia da capa por CARLOS DO CARMO<\/p>\n","protected":false},"featured_media":7156,"template":"","meta":{"_monsterinsights_skip_tracking":false,"_monsterinsights_sitenote_active":false,"_monsterinsights_sitenote_note":"","_monsterinsights_sitenote_category":0},"product_cat":[103],"product_tag":[],"class_list":{"0":"post-7155","1":"product","2":"type-product","3":"status-publish","4":"has-post-thumbnail","6":"product_cat-literatura","7":"pa_book-author-jose-saramago","9":"first","10":"outofstock","11":"shipping-taxable","12":"purchasable","13":"product-type-simple"},"_links":{"self":[{"href":"https:\/\/mabuko.co.mz\/site\/index.php?rest_route=\/wp\/v2\/product\/7155","targetHints":{"allow":["GET"]}}],"collection":[{"href":"https:\/\/mabuko.co.mz\/site\/index.php?rest_route=\/wp\/v2\/product"}],"about":[{"href":"https:\/\/mabuko.co.mz\/site\/index.php?rest_route=\/wp\/v2\/types\/product"}],"wp:featuredmedia":[{"embeddable":true,"href":"https:\/\/mabuko.co.mz\/site\/index.php?rest_route=\/wp\/v2\/media\/7156"}],"wp:attachment":[{"href":"https:\/\/mabuko.co.mz\/site\/index.php?rest_route=%2Fwp%2Fv2%2Fmedia&parent=7155"}],"wp:term":[{"taxonomy":"product_cat","embeddable":true,"href":"https:\/\/mabuko.co.mz\/site\/index.php?rest_route=%2Fwp%2Fv2%2Fproduct_cat&post=7155"},{"taxonomy":"product_tag","embeddable":true,"href":"https:\/\/mabuko.co.mz\/site\/index.php?rest_route=%2Fwp%2Fv2%2Fproduct_tag&post=7155"}],"curies":[{"name":"wp","href":"https:\/\/api.w.org\/{rel}","templated":true}]}}