{"id":7152,"date":"2022-10-28T14:05:35","date_gmt":"2022-10-28T14:05:35","guid":{"rendered":"https:\/\/mabuko.co.mz\/?post_type=product&#038;p=7152"},"modified":"2023-01-10T13:35:29","modified_gmt":"2023-01-10T13:35:29","slug":"a-segunda-vida-de-francisco-de-assis","status":"publish","type":"product","link":"https:\/\/mabuko.co.mz\/site\/?product=a-segunda-vida-de-francisco-de-assis","title":{"rendered":"A SEGUNDA VIDA DE FRANCISCO DE ASSIS"},"content":{"rendered":"<p>Jos\u00e9 Saramago<\/p>\n<p>9789720030436<\/p>\n","protected":false},"excerpt":{"rendered":"<p><strong>SINOPSE<\/strong><\/p>\n<p>SINOPSE S\u00e3o Francisco de Assis volta \u00e0 terra nos dias de hoje e encontra sua ordem transformada numa empresa gigantesca e lucrativa. \u00abGrande sala. Ambiente geral discreto e severo. Mesa comprida, cadeir\u00f5es, cofre, telex, v\u00e1rios telefones, um terminal de computador. (\u2026) Est\u00e1 reunido um conselho.\u00bb Assim se entra no mundo da \u00abpol\u00edtica\u00bb, segundo Jos\u00e9 Saramago. A Segunda Vida de Francisco de Assis \u00e9 mais uma incurs\u00e3o no drama, desta vez \u00e0 volta de um tema bem actual: o capitalismo, a qualidade, as chefias, a pol\u00edtica, as elei\u00e7\u00f5es, a bolsa, as valoriza\u00e7\u00f5es e desvaloriza\u00e7\u00f5es dos produtos e das pessoas. E uma luta entre a raz\u00e3o e a for\u00e7a.<\/p>\n","protected":false},"featured_media":7154,"template":"","meta":{"_monsterinsights_skip_tracking":false,"_monsterinsights_sitenote_active":false,"_monsterinsights_sitenote_note":"","_monsterinsights_sitenote_category":0},"product_cat":[103],"product_tag":[],"class_list":{"0":"post-7152","1":"product","2":"type-product","3":"status-publish","4":"has-post-thumbnail","6":"product_cat-literatura","7":"pa_book-author-jose-saramago","9":"first","10":"outofstock","11":"shipping-taxable","12":"purchasable","13":"product-type-simple"},"_links":{"self":[{"href":"https:\/\/mabuko.co.mz\/site\/index.php?rest_route=\/wp\/v2\/product\/7152","targetHints":{"allow":["GET"]}}],"collection":[{"href":"https:\/\/mabuko.co.mz\/site\/index.php?rest_route=\/wp\/v2\/product"}],"about":[{"href":"https:\/\/mabuko.co.mz\/site\/index.php?rest_route=\/wp\/v2\/types\/product"}],"wp:featuredmedia":[{"embeddable":true,"href":"https:\/\/mabuko.co.mz\/site\/index.php?rest_route=\/wp\/v2\/media\/7154"}],"wp:attachment":[{"href":"https:\/\/mabuko.co.mz\/site\/index.php?rest_route=%2Fwp%2Fv2%2Fmedia&parent=7152"}],"wp:term":[{"taxonomy":"product_cat","embeddable":true,"href":"https:\/\/mabuko.co.mz\/site\/index.php?rest_route=%2Fwp%2Fv2%2Fproduct_cat&post=7152"},{"taxonomy":"product_tag","embeddable":true,"href":"https:\/\/mabuko.co.mz\/site\/index.php?rest_route=%2Fwp%2Fv2%2Fproduct_tag&post=7152"}],"curies":[{"name":"wp","href":"https:\/\/api.w.org\/{rel}","templated":true}]}}