{"id":7150,"date":"2022-10-28T13:59:18","date_gmt":"2022-10-28T13:59:18","guid":{"rendered":"https:\/\/mabuko.co.mz\/?post_type=product&#038;p=7150"},"modified":"2023-01-10T13:36:04","modified_gmt":"2023-01-10T13:36:04","slug":"in-nomine-dei","status":"publish","type":"product","link":"https:\/\/mabuko.co.mz\/site\/?product=in-nomine-dei","title":{"rendered":"IN NOMINE DEI"},"content":{"rendered":"<p>Jos\u00e9 Saramago<\/p>\n<p>978972003443<\/p>\n","protected":false},"excerpt":{"rendered":"<p><strong>SINOPSE<\/strong><\/p>\n<p>\u00ab&#8221;Entre o homem, com a sua raz\u00e3o, e os animais, com o seu instinto, quem, afinal, estar\u00e1 mais bem-dotado para o governo da vida?\u201d N\u00e3o faz sentido? \u201cSe os c\u00e3es tivessem inventado um Deus, brigariam por diferen\u00e7as de opini\u00e3o quanto ao nome a dar-lhe, Perdigueiro fosse, ou Lobo-d\u2019 Als\u00e1cia? E no caso de estarem de acordo quanto ao apelativo, andariam, gera\u00e7\u00f5es ap\u00f3s gera\u00e7\u00f5es, a morder-se mutuamente por causa da forma das orelhas ou do tufado do seu canino Deus? \u201cEstas considera\u00e7\u00f5es podiam ser tomadas como ofensivas, mas Jos\u00e9 Saramago trata de se defender: \u201cN\u00e3o \u00e9 culpa minha nem do meu discreto ate\u00edsmo se em M\u00fcnster, no s\u00e9culo XVI, como em tantos outros tempos e lugares, cat\u00f3licos e protestantes andaram a trucidar-se uns aos outros em nome de Deus \u2013 \u201cIn Nomine Dei\u201d \u2013 para virem a alcan\u00e7ar, na eternidade, o mesmo Para\u00edso.\u201d \u201cOs acontecimentos descritos nesta pe\u00e7a representam, t\u00e3o s\u00f3, um tr\u00e1gico cap\u00edtulo da longa e, pelos vistos, irremedi\u00e1vel hist\u00f3ria da intoler\u00e2ncia humana\u201d, explica o autor. \u201cQue o leiam assim, e assim o entendam, crentes e n\u00e3o crentes, e far\u00e3o, talvez, um favor a si pr\u00f3prios. Os animais, claro est\u00e1, n\u00e3o precisam.&#8221;\u00bb (Di\u00e1rio de Not\u00edcias, 9 de Outubro de 1998) Caligrafia da capa por JORGE VAZ DE CARVALHO<\/p>\n","protected":false},"featured_media":7151,"template":"","meta":{"_monsterinsights_skip_tracking":false,"_monsterinsights_sitenote_active":false,"_monsterinsights_sitenote_note":"","_monsterinsights_sitenote_category":0},"product_cat":[103],"product_tag":[],"class_list":{"0":"post-7150","1":"product","2":"type-product","3":"status-publish","4":"has-post-thumbnail","6":"product_cat-literatura","7":"pa_book-author-jose-saramago","9":"first","10":"outofstock","11":"shipping-taxable","12":"purchasable","13":"product-type-simple"},"_links":{"self":[{"href":"https:\/\/mabuko.co.mz\/site\/index.php?rest_route=\/wp\/v2\/product\/7150","targetHints":{"allow":["GET"]}}],"collection":[{"href":"https:\/\/mabuko.co.mz\/site\/index.php?rest_route=\/wp\/v2\/product"}],"about":[{"href":"https:\/\/mabuko.co.mz\/site\/index.php?rest_route=\/wp\/v2\/types\/product"}],"wp:featuredmedia":[{"embeddable":true,"href":"https:\/\/mabuko.co.mz\/site\/index.php?rest_route=\/wp\/v2\/media\/7151"}],"wp:attachment":[{"href":"https:\/\/mabuko.co.mz\/site\/index.php?rest_route=%2Fwp%2Fv2%2Fmedia&parent=7150"}],"wp:term":[{"taxonomy":"product_cat","embeddable":true,"href":"https:\/\/mabuko.co.mz\/site\/index.php?rest_route=%2Fwp%2Fv2%2Fproduct_cat&post=7150"},{"taxonomy":"product_tag","embeddable":true,"href":"https:\/\/mabuko.co.mz\/site\/index.php?rest_route=%2Fwp%2Fv2%2Fproduct_tag&post=7150"}],"curies":[{"name":"wp","href":"https:\/\/api.w.org\/{rel}","templated":true}]}}