{"id":7146,"date":"2022-10-28T13:46:10","date_gmt":"2022-10-28T13:46:10","guid":{"rendered":"https:\/\/mabuko.co.mz\/?post_type=product&#038;p=7146"},"modified":"2023-01-10T12:56:06","modified_gmt":"2023-01-10T12:56:06","slug":"folhas-politicas","status":"publish","type":"product","link":"https:\/\/mabuko.co.mz\/site\/?product=folhas-politicas","title":{"rendered":"FOLHAS POL\u00cdTICAS"},"content":{"rendered":"<p><span data-width=\"\">Jos\u00e9 Saramago<\/span><\/p>\n<p>9789720047229<\/p>\n","protected":false},"excerpt":{"rendered":"<p><strong>SINOPSE<\/strong><\/p>\n<p>\u00abN\u00e3o vai faltar quem me acuse de que alguns destes textos s\u00e3o desapiedados e injustos, que, tendo sido j\u00e1 politicamente inoportunos e impertinentes na pr\u00f3pria \u00e9poca em que foram escritos, muito mais o v\u00eam a ser agora, e que, argumento final, n\u00e3o \u00e9 atitude das mais prudentes e sensatas da minha parte, considerando que todos n\u00f3s temos os nossos \u00abtelhados de vidro\u00bb, reabrir as chagas que o tempo, melhor ou pior, teve a caridade de cicatrizar. Disso, como de resto, pensar\u00e1 cada um o que quiser, e por isso responder\u00e1. Em todo o caso, creio que estas\u00a0<em>Folhas Pol\u00edticas<\/em>, de cuja honradez c\u00edvica n\u00e3o reconhe\u00e7o a ningu\u00e9m o direito de duvidar, levam dentro verdades suficientes para que sejam capazes de defender-se sozinhas, sem ajuda. Nem sequer a minha.\u00bb<\/p>\n","protected":false},"featured_media":7147,"template":"","meta":{"_monsterinsights_skip_tracking":false,"_monsterinsights_sitenote_active":false,"_monsterinsights_sitenote_note":"","_monsterinsights_sitenote_category":0},"product_cat":[103],"product_tag":[],"class_list":{"0":"post-7146","1":"product","2":"type-product","3":"status-publish","4":"has-post-thumbnail","6":"product_cat-literatura","7":"pa_book-author-jose-saramago","9":"first","10":"outofstock","11":"shipping-taxable","12":"purchasable","13":"product-type-simple"},"_links":{"self":[{"href":"https:\/\/mabuko.co.mz\/site\/index.php?rest_route=\/wp\/v2\/product\/7146","targetHints":{"allow":["GET"]}}],"collection":[{"href":"https:\/\/mabuko.co.mz\/site\/index.php?rest_route=\/wp\/v2\/product"}],"about":[{"href":"https:\/\/mabuko.co.mz\/site\/index.php?rest_route=\/wp\/v2\/types\/product"}],"wp:featuredmedia":[{"embeddable":true,"href":"https:\/\/mabuko.co.mz\/site\/index.php?rest_route=\/wp\/v2\/media\/7147"}],"wp:attachment":[{"href":"https:\/\/mabuko.co.mz\/site\/index.php?rest_route=%2Fwp%2Fv2%2Fmedia&parent=7146"}],"wp:term":[{"taxonomy":"product_cat","embeddable":true,"href":"https:\/\/mabuko.co.mz\/site\/index.php?rest_route=%2Fwp%2Fv2%2Fproduct_cat&post=7146"},{"taxonomy":"product_tag","embeddable":true,"href":"https:\/\/mabuko.co.mz\/site\/index.php?rest_route=%2Fwp%2Fv2%2Fproduct_tag&post=7146"}],"curies":[{"name":"wp","href":"https:\/\/api.w.org\/{rel}","templated":true}]}}