{"id":7144,"date":"2022-10-28T13:35:47","date_gmt":"2022-10-28T13:35:47","guid":{"rendered":"https:\/\/mabuko.co.mz\/?post_type=product&#038;p=7144"},"modified":"2023-01-10T12:58:10","modified_gmt":"2023-01-10T12:58:10","slug":"os-apontamentos","status":"publish","type":"product","link":"https:\/\/mabuko.co.mz\/site\/?product=os-apontamentos","title":{"rendered":"OS APONTAMENTOS"},"content":{"rendered":"<p><span data-width=\"\">Jos\u00e9 Saramago<\/span><\/p>\n<p>9789720046888<\/p>\n","protected":false},"excerpt":{"rendered":"<p><strong>SINOPSE<\/strong><\/p>\n<p>Editoriais do\u00a0<em>Di\u00e1rio de Not\u00edcias<\/em>\u00a0e cr\u00f3nicas publicadas no\u00a0<em>Di\u00e1rio de Lisboa<\/em>, onde Saramago sublinha: \u00abNo meio de tantas palavras, n\u00e3o encontro sen\u00e3o duas que gostosamente apagaria se n\u00e3o fosse o escr\u00fapulo de proteger o meu pr\u00f3prio respeito. \u00c9 quando, uma e outra vez, falo de &#8220;jornalistas revolucion\u00e1rios&#8221;. Como se n\u00e3o bastasse a ingenuidade de os imaginar assim, ainda fui cair na presun\u00e7\u00e3o de me incluir no grupo. Ilus\u00e3o minha, ilus\u00e3o nossa.\u00bb<br \/>\nEm <em>Apontamentos<\/em>, podemos seguir o olhar de Saramago, nomeadamente, sobre \u00abos emigrantes, hoje e sempre\u00bb; \u00abos franceses de torna-viagem\u00bb; \u00abas regras da conviv\u00eancia\u00bb; \u00abo eufemismo como pol\u00edtica\u00bb, ou \u00aba resist\u00eancia renegada\u00bb. Ganhou a l\u00edngua e toda a literatura portuguesa. Uma forma de conhecer com alguma profundidade o lado militante de Jos\u00e9 Saramago, que aqui surge de forma bastante evidente, ao contr\u00e1rio das suas obras de fic\u00e7\u00e3o, onde as convic\u00e7\u00f5es pol\u00edticas, embora l\u00e1, aparecem de forma bastante mais dilu\u00edda. Para descobrir a fase em que Jos\u00e9 Saramago alertava para os perigos do fascismo e para as virtudes do socialismo.<br \/>\n<em>Di\u00e1rio de Not\u00edcias<\/em>, 9 de Outubro de 1998.<\/p>\n","protected":false},"featured_media":7145,"template":"","meta":{"_monsterinsights_skip_tracking":false,"_monsterinsights_sitenote_active":false,"_monsterinsights_sitenote_note":"","_monsterinsights_sitenote_category":0},"product_cat":[103],"product_tag":[],"class_list":{"0":"post-7144","1":"product","2":"type-product","3":"status-publish","4":"has-post-thumbnail","6":"product_cat-literatura","7":"pa_book-author-jose-saramago","9":"first","10":"outofstock","11":"shipping-taxable","12":"purchasable","13":"product-type-simple"},"_links":{"self":[{"href":"https:\/\/mabuko.co.mz\/site\/index.php?rest_route=\/wp\/v2\/product\/7144","targetHints":{"allow":["GET"]}}],"collection":[{"href":"https:\/\/mabuko.co.mz\/site\/index.php?rest_route=\/wp\/v2\/product"}],"about":[{"href":"https:\/\/mabuko.co.mz\/site\/index.php?rest_route=\/wp\/v2\/types\/product"}],"wp:featuredmedia":[{"embeddable":true,"href":"https:\/\/mabuko.co.mz\/site\/index.php?rest_route=\/wp\/v2\/media\/7145"}],"wp:attachment":[{"href":"https:\/\/mabuko.co.mz\/site\/index.php?rest_route=%2Fwp%2Fv2%2Fmedia&parent=7144"}],"wp:term":[{"taxonomy":"product_cat","embeddable":true,"href":"https:\/\/mabuko.co.mz\/site\/index.php?rest_route=%2Fwp%2Fv2%2Fproduct_cat&post=7144"},{"taxonomy":"product_tag","embeddable":true,"href":"https:\/\/mabuko.co.mz\/site\/index.php?rest_route=%2Fwp%2Fv2%2Fproduct_tag&post=7144"}],"curies":[{"name":"wp","href":"https:\/\/api.w.org\/{rel}","templated":true}]}}