{"id":7121,"date":"2022-10-28T09:33:44","date_gmt":"2022-10-28T09:33:44","guid":{"rendered":"https:\/\/mabuko.co.mz\/?post_type=product&#038;p=7121"},"modified":"2023-01-10T12:59:47","modified_gmt":"2023-01-10T12:59:47","slug":"o-abrigo-da-esperanca","status":"publish","type":"product","link":"https:\/\/mabuko.co.mz\/site\/?product=o-abrigo-da-esperanca","title":{"rendered":"O ABRIGO DA ESPERAN\u00c7A"},"content":{"rendered":"<p>Debbie Macomber<\/p>\n<p>9789722351638<\/p>\n","protected":false},"excerpt":{"rendered":"<p><strong>SINOPSE<\/strong><\/p>\n<p>Jo Marie Rose, perante a perda quase certa do marido no Afeganist\u00e3o, resolveu mudar a sua vida e comprar uma encantadora estalagem, numa acolhedora cidade \u00e0 beira do Pac\u00edfico, onde pudesse receber h\u00f3spedes e proporcionar-lhes um ambiente familiar e cheio de paz. No in\u00edcio deste segundo livro, a primavera chegou, os rododendros carmesim e as az\u00e1leas vermelhas floresceram no jardim da estalagem e Jo Marie Rose espera ansiosamente a chegada de h\u00f3spedes. Reencontraremos pessoas que j\u00e1 conhecemos no volume anterior, e conheceremos outras que ali v\u00e3o em busca de calor humano e talvez de uma segunda oportunidade de serem felizes.<br \/>\nEste \u00e9 o segundo volume da s\u00e9rie iniciada pela autora com\u00a0<i>A Estalagem de Rose Habor<\/i>.<\/p>\n","protected":false},"featured_media":7122,"template":"","meta":{"_monsterinsights_skip_tracking":false,"_monsterinsights_sitenote_active":false,"_monsterinsights_sitenote_note":"","_monsterinsights_sitenote_category":0},"product_cat":[105],"product_tag":[],"class_list":{"0":"post-7121","1":"product","2":"type-product","3":"status-publish","4":"has-post-thumbnail","6":"product_cat-romance","7":"pa_book-author-debbie-macomber","9":"first","10":"outofstock","11":"shipping-taxable","12":"purchasable","13":"product-type-simple"},"_links":{"self":[{"href":"https:\/\/mabuko.co.mz\/site\/index.php?rest_route=\/wp\/v2\/product\/7121","targetHints":{"allow":["GET"]}}],"collection":[{"href":"https:\/\/mabuko.co.mz\/site\/index.php?rest_route=\/wp\/v2\/product"}],"about":[{"href":"https:\/\/mabuko.co.mz\/site\/index.php?rest_route=\/wp\/v2\/types\/product"}],"wp:featuredmedia":[{"embeddable":true,"href":"https:\/\/mabuko.co.mz\/site\/index.php?rest_route=\/wp\/v2\/media\/7122"}],"wp:attachment":[{"href":"https:\/\/mabuko.co.mz\/site\/index.php?rest_route=%2Fwp%2Fv2%2Fmedia&parent=7121"}],"wp:term":[{"taxonomy":"product_cat","embeddable":true,"href":"https:\/\/mabuko.co.mz\/site\/index.php?rest_route=%2Fwp%2Fv2%2Fproduct_cat&post=7121"},{"taxonomy":"product_tag","embeddable":true,"href":"https:\/\/mabuko.co.mz\/site\/index.php?rest_route=%2Fwp%2Fv2%2Fproduct_tag&post=7121"}],"curies":[{"name":"wp","href":"https:\/\/api.w.org\/{rel}","templated":true}]}}