{"id":7119,"date":"2022-10-28T09:21:05","date_gmt":"2022-10-28T09:21:05","guid":{"rendered":"https:\/\/mabuko.co.mz\/?post_type=product&#038;p=7119"},"modified":"2023-01-10T13:00:38","modified_gmt":"2023-01-10T13:00:38","slug":"o-telescopio-de-ambar-livro-3-mundos-paralelos","status":"publish","type":"product","link":"https:\/\/mabuko.co.mz\/site\/?product=o-telescopio-de-ambar-livro-3-mundos-paralelos","title":{"rendered":"O TELESC\u00d3PIO DE \u00c2MBAR Livro 3 &#8211; Mundos Paralelos"},"content":{"rendered":"<p>Philip Pullman<\/p>\n<p>9789722361620<\/p>\n","protected":false},"excerpt":{"rendered":"<p><strong>SINOPSE<\/strong><\/p>\n<p>O Telesc\u00f3pio de \u00c2mbar encerra a extraordin\u00e1ria trilogia Mundos Paralelos, de Philip Pullman, Aclamado pelo p\u00fablico e pela cr\u00edtica, foi distinguido com uma nomea\u00e7\u00e3o para o Booker Prize, al\u00e9m de ter sido galardoado com a Carnegie Medal, o Smarties Prize, o Whitbread Children\u2019s Book of the Year, o Astrid Lindgren Memorial Award, pelo conjunto da sua obra, Em Mundos Paralelos, Pullman criou um mundo fabuloso, prodigiosamente imaginado, \u00c9 atrav\u00e9s desse universo de maravilhas e monstros, de entusiasmo e suspense, e de um enredo surpreendente, que o autor explora as quest\u00f5es que mais nos inquietam &#8211; o poder do amor, a morte, a evolu\u00e7\u00e3o e Deus, E o mais not\u00e1vel \u00e9 que consegue coadunar todos estes aspectos com Nietzsche, Milton, Blake ou a F\u00edsica Qu\u00e2ntica, embora tornando esta obra acess\u00edvel a qualquer leitor de forma estimulante, desafiadora e original, Traduzida em mais de 40 l\u00ednguas, esta trilogia ultrapassou j\u00e1 mais de 18 milh\u00f5es de exemplares vendidos em todo o mundo, tendo uma adapta\u00e7\u00e3o ao cinema, sob o t\u00edtulo A B\u00fassola Dourada, com Nicole Kidman e Daniel Craig nos principais pap\u00e9is<\/p>\n","protected":false},"featured_media":7120,"template":"","meta":{"_monsterinsights_skip_tracking":false,"_monsterinsights_sitenote_active":false,"_monsterinsights_sitenote_note":"","_monsterinsights_sitenote_category":0},"product_cat":[135],"product_tag":[],"class_list":{"0":"post-7119","1":"product","2":"type-product","3":"status-publish","4":"has-post-thumbnail","6":"product_cat-infantil","7":"pa_book-author-philip-pullman","9":"first","10":"outofstock","11":"shipping-taxable","12":"purchasable","13":"product-type-simple"},"_links":{"self":[{"href":"https:\/\/mabuko.co.mz\/site\/index.php?rest_route=\/wp\/v2\/product\/7119","targetHints":{"allow":["GET"]}}],"collection":[{"href":"https:\/\/mabuko.co.mz\/site\/index.php?rest_route=\/wp\/v2\/product"}],"about":[{"href":"https:\/\/mabuko.co.mz\/site\/index.php?rest_route=\/wp\/v2\/types\/product"}],"wp:featuredmedia":[{"embeddable":true,"href":"https:\/\/mabuko.co.mz\/site\/index.php?rest_route=\/wp\/v2\/media\/7120"}],"wp:attachment":[{"href":"https:\/\/mabuko.co.mz\/site\/index.php?rest_route=%2Fwp%2Fv2%2Fmedia&parent=7119"}],"wp:term":[{"taxonomy":"product_cat","embeddable":true,"href":"https:\/\/mabuko.co.mz\/site\/index.php?rest_route=%2Fwp%2Fv2%2Fproduct_cat&post=7119"},{"taxonomy":"product_tag","embeddable":true,"href":"https:\/\/mabuko.co.mz\/site\/index.php?rest_route=%2Fwp%2Fv2%2Fproduct_tag&post=7119"}],"curies":[{"name":"wp","href":"https:\/\/api.w.org\/{rel}","templated":true}]}}