{"id":7113,"date":"2022-10-28T09:00:47","date_gmt":"2022-10-28T09:00:47","guid":{"rendered":"https:\/\/mabuko.co.mz\/?post_type=product&#038;p=7113"},"modified":"2023-01-10T13:02:08","modified_gmt":"2023-01-10T13:02:08","slug":"belos-e-malditos","status":"publish","type":"product","link":"https:\/\/mabuko.co.mz\/site\/?product=belos-e-malditos","title":{"rendered":"BELOS E MALDITOS"},"content":{"rendered":"<p>Scott Fitzgerald<\/p>\n<p>9789722346221<\/p>\n","protected":false},"excerpt":{"rendered":"<p><strong>SINOPSE<\/strong><\/p>\n<p>Do mesmo autor do bestseller internacional\u00a0O Estranho Caso de Benjamin Button,\u00a0Belos e Malditos\u00a0\u00e9 agora publicado pela Editorial Presen\u00e7a. Originalmente editado em 1922 \u00e9 considerado um cl\u00e1ssico de um dos maiores escritores americanos do s\u00e9culo XX &#8211; F. Scott Fitzgerald.<br \/>\nBelos e Malditos\u00a0foi escrito tr\u00eas anos antes de\u00a0<i>O Grande Gatsby<\/i>\u00a0e segue a vida do casal Anthony Patch e Gloria Gilbert durante aquela que ficou conhecida como \u00aba idade do jazz\u00bb. Juntos comem e bebem nos restaurantes e hot\u00e9is mais sofisticados de Nova Iorque, alugam os apartamentos mais caros e viajam em carros topo de gama. Mas, sob a atmosfera luxuosa e extravagante que os envolve, est\u00e1 um mundo fr\u00e1gil &#8211; e o amor e o casamento destes dois jovens \u00abdeuses\u00bb vai-se deteriorando lentamente at\u00e9 \u00e0 cat\u00e1strofe final.\u00a0<i>Belos e Malditos<\/i>\u00a0\u00e9 uma reflex\u00e3o sobre o amor, o dinheiro e a decad\u00eancia e um estudo social dos anos que antecederam a Grande Depress\u00e3o.<\/p>\n","protected":false},"featured_media":7115,"template":"","meta":{"_monsterinsights_skip_tracking":false,"_monsterinsights_sitenote_active":false,"_monsterinsights_sitenote_note":"","_monsterinsights_sitenote_category":0},"product_cat":[105],"product_tag":[],"class_list":{"0":"post-7113","1":"product","2":"type-product","3":"status-publish","4":"has-post-thumbnail","6":"product_cat-romance","7":"pa_book-author-f-scott-fitzgerald","9":"first","10":"outofstock","11":"shipping-taxable","12":"purchasable","13":"product-type-simple"},"_links":{"self":[{"href":"https:\/\/mabuko.co.mz\/site\/index.php?rest_route=\/wp\/v2\/product\/7113","targetHints":{"allow":["GET"]}}],"collection":[{"href":"https:\/\/mabuko.co.mz\/site\/index.php?rest_route=\/wp\/v2\/product"}],"about":[{"href":"https:\/\/mabuko.co.mz\/site\/index.php?rest_route=\/wp\/v2\/types\/product"}],"wp:featuredmedia":[{"embeddable":true,"href":"https:\/\/mabuko.co.mz\/site\/index.php?rest_route=\/wp\/v2\/media\/7115"}],"wp:attachment":[{"href":"https:\/\/mabuko.co.mz\/site\/index.php?rest_route=%2Fwp%2Fv2%2Fmedia&parent=7113"}],"wp:term":[{"taxonomy":"product_cat","embeddable":true,"href":"https:\/\/mabuko.co.mz\/site\/index.php?rest_route=%2Fwp%2Fv2%2Fproduct_cat&post=7113"},{"taxonomy":"product_tag","embeddable":true,"href":"https:\/\/mabuko.co.mz\/site\/index.php?rest_route=%2Fwp%2Fv2%2Fproduct_tag&post=7113"}],"curies":[{"name":"wp","href":"https:\/\/api.w.org\/{rel}","templated":true}]}}