{"id":7111,"date":"2022-10-28T08:50:46","date_gmt":"2022-10-28T08:50:46","guid":{"rendered":"https:\/\/mabuko.co.mz\/?post_type=product&#038;p=7111"},"modified":"2023-01-10T13:02:35","modified_gmt":"2023-01-10T13:02:35","slug":"1919-volume-ii-trilogia-usa","status":"publish","type":"product","link":"https:\/\/mabuko.co.mz\/site\/?product=1919-volume-ii-trilogia-usa","title":{"rendered":"1919 &#8211; Volume II &#8211; Trilogia USA"},"content":{"rendered":"<p>John Dos Passos<\/p>\n<p>9789722342865<\/p>\n","protected":false},"excerpt":{"rendered":"<p><strong>SINOPSE<\/strong><\/p>\n<p>1919 \u00e9 o segundo volume da trilogia U.S.A., obra-prima de John Dos Passos que o sagrou como um dos grandes escritores norte-americanos do s\u00e9culo XX. Nela \u00e9 exibida uma panor\u00e2mica soberba do desenvolvimento hist\u00f3rico e cultural da sociedade norte-americana ao longo das primeiras d\u00e9cadas do s\u00e9culo XX, num estilo inovador e revolucion\u00e1rio que viria a inspirar sucessivas gera\u00e7\u00f5es de escritores. Quando 1919 se inicia, a Am\u00e9rica e o mundo est\u00e3o em guerra, e as personagens, hist\u00f3ricas e fict\u00edcias, v\u00eaem-se atiradas para o caos sendo poucas as que conseguem manter-se fi\u00e9is aos seus ideais. Os seus trajectos de vida cruzam-se para formar uma \u00abcr\u00f3nica contempor\u00e2nea\u00bb, escrita com recurso, \u00e0 semelhan\u00e7a do volume anterior, a uma t\u00e9cnica narrativa experimental que inclui recortes de not\u00edcias, breves biografias de figuras p\u00fablicas da \u00e9poca e fragmentos de escrita de fluxo de consci\u00eancia autobiogr\u00e1fico atrav\u00e9s dos quais v\u00e3o desfilando informa\u00e7\u00f5es, personalidades, a sociedade americana, o mundo.<\/p>\n","protected":false},"featured_media":7112,"template":"","meta":{"_monsterinsights_skip_tracking":false,"_monsterinsights_sitenote_active":false,"_monsterinsights_sitenote_note":"","_monsterinsights_sitenote_category":0},"product_cat":[103],"product_tag":[],"class_list":{"0":"post-7111","1":"product","2":"type-product","3":"status-publish","4":"has-post-thumbnail","6":"product_cat-literatura","7":"pa_book-author-john-dos-passos","9":"first","10":"outofstock","11":"shipping-taxable","12":"purchasable","13":"product-type-simple"},"_links":{"self":[{"href":"https:\/\/mabuko.co.mz\/site\/index.php?rest_route=\/wp\/v2\/product\/7111","targetHints":{"allow":["GET"]}}],"collection":[{"href":"https:\/\/mabuko.co.mz\/site\/index.php?rest_route=\/wp\/v2\/product"}],"about":[{"href":"https:\/\/mabuko.co.mz\/site\/index.php?rest_route=\/wp\/v2\/types\/product"}],"wp:featuredmedia":[{"embeddable":true,"href":"https:\/\/mabuko.co.mz\/site\/index.php?rest_route=\/wp\/v2\/media\/7112"}],"wp:attachment":[{"href":"https:\/\/mabuko.co.mz\/site\/index.php?rest_route=%2Fwp%2Fv2%2Fmedia&parent=7111"}],"wp:term":[{"taxonomy":"product_cat","embeddable":true,"href":"https:\/\/mabuko.co.mz\/site\/index.php?rest_route=%2Fwp%2Fv2%2Fproduct_cat&post=7111"},{"taxonomy":"product_tag","embeddable":true,"href":"https:\/\/mabuko.co.mz\/site\/index.php?rest_route=%2Fwp%2Fv2%2Fproduct_tag&post=7111"}],"curies":[{"name":"wp","href":"https:\/\/api.w.org\/{rel}","templated":true}]}}