{"id":7107,"date":"2022-10-28T08:40:39","date_gmt":"2022-10-28T08:40:39","guid":{"rendered":"https:\/\/mabuko.co.mz\/?post_type=product&#038;p=7107"},"modified":"2023-01-10T13:03:17","modified_gmt":"2023-01-10T13:03:17","slug":"a-morte-da-verdade-a-falsidade-na-era-de-trump","status":"publish","type":"product","link":"https:\/\/mabuko.co.mz\/site\/?product=a-morte-da-verdade-a-falsidade-na-era-de-trump","title":{"rendered":"A MORTE DA VERDADE A falsidade na Era de Trump"},"content":{"rendered":"<h3 style=\"margin: 0cm; margin-bottom: .0001pt; line-height: 22.5pt; background: white;\"><span style=\"font-size: 12.0pt; color: #262626; font-weight: normal;\">Michiko Kakutani<\/span><\/h3>\n<p>9789722362894<\/p>\n","protected":false},"excerpt":{"rendered":"<div id=\"productPageSectionAboutBook-sinopseTitle\" class=\"right-title\"><strong>SINOPSE<\/strong><\/div>\n<div id=\"productPageSectionAboutBook-sinopse\" class=\"right-text\">\n<p>Vivemos numa \u00e9poca em que a pr\u00f3pria ideia de verdade objectiva \u00e9 vista com desd\u00e9m e desprezo pelos ocupantes da Casa Branca. Teorias da conspira\u00e7\u00e3o e ideologias desacreditadas est\u00e3o a reemergir, o m\u00e9todo cient\u00edfico volta a ser alvo de debate, e a propaganda russa inunda os ecr\u00e3s de televis\u00e3o.<br \/>\nA sabedoria das massas sobrep\u00f5e-se \u00e0 investiga\u00e7\u00e3o, deixando cada um de n\u00f3s preso \u00e0s cren\u00e7as que melhor confirmam os nossos preconceitos. Como se tornou a verdade um valor amea\u00e7ado na Am\u00e9rica contempor\u00e2nea?<br \/>\nNeste livro, Michiko Kakutani, a reputada cr\u00edtica liter\u00e1ria norte-americana detentora de um Pr\u00e9mio Pulitzer, analisa as for\u00e7as culturais que contribu\u00edram para este decl\u00ednio iniciado h\u00e1 algumas d\u00e9cadas. nas redes sociais, na literatura, na televis\u00e3o, no mundo acad\u00e9mico e na pol\u00edtica, Michiko Kakutani identifica as tend\u00eancias &#8211; quer de direita quer de esquerda &#8211; que convergiram para sobrepor a subjetividade \u00e0 factualidade, \u00e0 ci\u00eancia e aos valores comuns.<br \/>\nE lembra-nos as palavras dos grandes cr\u00edticos do autoritarismo, escritores como George Orwell e Hannah Arendt, cujas obras s\u00e3o de novo assustadoramente relevantes.<br \/>\nCom uma erudi\u00e7\u00e3o e um discernimento not\u00e1veis, Kakutani faz um diagn\u00f3stico desafiador \u00e0 nossa condi\u00e7\u00e3o actual e indica um novo rumo para estes tempos em que a verdade \u00e9 posta em causa.<\/p>\n<\/div>\n","protected":false},"featured_media":7109,"template":"","meta":{"_monsterinsights_skip_tracking":false,"_monsterinsights_sitenote_active":false,"_monsterinsights_sitenote_note":"","_monsterinsights_sitenote_category":0},"product_cat":[102],"product_tag":[],"class_list":{"0":"post-7107","1":"product","2":"type-product","3":"status-publish","4":"has-post-thumbnail","6":"product_cat-livros-tecnicos","7":"pa_book-author-michiko-kakutani","9":"first","10":"outofstock","11":"shipping-taxable","12":"purchasable","13":"product-type-simple"},"_links":{"self":[{"href":"https:\/\/mabuko.co.mz\/site\/index.php?rest_route=\/wp\/v2\/product\/7107","targetHints":{"allow":["GET"]}}],"collection":[{"href":"https:\/\/mabuko.co.mz\/site\/index.php?rest_route=\/wp\/v2\/product"}],"about":[{"href":"https:\/\/mabuko.co.mz\/site\/index.php?rest_route=\/wp\/v2\/types\/product"}],"wp:featuredmedia":[{"embeddable":true,"href":"https:\/\/mabuko.co.mz\/site\/index.php?rest_route=\/wp\/v2\/media\/7109"}],"wp:attachment":[{"href":"https:\/\/mabuko.co.mz\/site\/index.php?rest_route=%2Fwp%2Fv2%2Fmedia&parent=7107"}],"wp:term":[{"taxonomy":"product_cat","embeddable":true,"href":"https:\/\/mabuko.co.mz\/site\/index.php?rest_route=%2Fwp%2Fv2%2Fproduct_cat&post=7107"},{"taxonomy":"product_tag","embeddable":true,"href":"https:\/\/mabuko.co.mz\/site\/index.php?rest_route=%2Fwp%2Fv2%2Fproduct_tag&post=7107"}],"curies":[{"name":"wp","href":"https:\/\/api.w.org\/{rel}","templated":true}]}}