{"id":7105,"date":"2022-10-28T08:22:27","date_gmt":"2022-10-28T08:22:27","guid":{"rendered":"https:\/\/mabuko.co.mz\/?post_type=product&#038;p=7105"},"modified":"2023-01-10T13:03:55","modified_gmt":"2023-01-10T13:03:55","slug":"endgame-a-chamada","status":"publish","type":"product","link":"https:\/\/mabuko.co.mz\/site\/?product=endgame-a-chamada","title":{"rendered":"ENDGAME A Chamada"},"content":{"rendered":"<p>James Frey<\/p>\n<p>9789722353984<\/p>\n","protected":false},"excerpt":{"rendered":"<p><strong>SINOPSE\u00a0<\/strong><\/p>\n<p>Eles chegaram \u00e0 Terra h\u00e1 12 mil anos. Vieram dos c\u00e9us e criaram a humanidade. Quando se foram embora deixaram um aviso: um dia iriam voltar&#8230; E quando voltassem, teria in\u00edcio o grande jogo, o Endgame. Ao longo de dez mil anos, as doze linhagens originais existiram em segredo, mantendo sempre, cada uma delas, um jogador preparado para entrar em ac\u00e7\u00e3o a qualquer momento. O Endgame era sempre uma possibilidade, mas agora que eles voltaram, tornou-se uma realidade, e os doze jovens jogadores est\u00e3o a postos para entrarem no grande jogo que decidir\u00e1 o futuro do planeta e da humanidade. S\u00f3 um pode vencer. S\u00f3 a linhagem do vencedor ser\u00e1 salva. Vence quem encontrar primeiro as tr\u00eas chaves escondidas algures na Terra. E \u00e9 sobre a busca da primeira chave que se centra este primeiro livro da s\u00e9rie.<br \/>\nEndgame n\u00e3o \u00e9 apenas um livro. Endgame \u00e9 uma experi\u00eancia multim\u00e9dia a n\u00edvel mundial inovadora, que inclui um jogo revolucion\u00e1rio constru\u00eddo pela Niantic Labs (Google) atrav\u00e9s da qual \u00e9 poss\u00edvel jogar uma vers\u00e3o do Endgame no mundo real. No fim, h\u00e1 um pr\u00e9mio para o primeiro a conseguir resolver o puzzle oculto no livro: meio milh\u00e3o de d\u00f3lares em ouro.<\/p>\n","protected":false},"featured_media":7106,"template":"","meta":{"_monsterinsights_skip_tracking":false,"_monsterinsights_sitenote_active":false,"_monsterinsights_sitenote_note":"","_monsterinsights_sitenote_category":0},"product_cat":[135],"product_tag":[],"class_list":{"0":"post-7105","1":"product","2":"type-product","3":"status-publish","4":"has-post-thumbnail","6":"product_cat-infantil","7":"pa_book-author-james-frey","9":"first","10":"outofstock","11":"shipping-taxable","12":"purchasable","13":"product-type-simple"},"_links":{"self":[{"href":"https:\/\/mabuko.co.mz\/site\/index.php?rest_route=\/wp\/v2\/product\/7105","targetHints":{"allow":["GET"]}}],"collection":[{"href":"https:\/\/mabuko.co.mz\/site\/index.php?rest_route=\/wp\/v2\/product"}],"about":[{"href":"https:\/\/mabuko.co.mz\/site\/index.php?rest_route=\/wp\/v2\/types\/product"}],"wp:featuredmedia":[{"embeddable":true,"href":"https:\/\/mabuko.co.mz\/site\/index.php?rest_route=\/wp\/v2\/media\/7106"}],"wp:attachment":[{"href":"https:\/\/mabuko.co.mz\/site\/index.php?rest_route=%2Fwp%2Fv2%2Fmedia&parent=7105"}],"wp:term":[{"taxonomy":"product_cat","embeddable":true,"href":"https:\/\/mabuko.co.mz\/site\/index.php?rest_route=%2Fwp%2Fv2%2Fproduct_cat&post=7105"},{"taxonomy":"product_tag","embeddable":true,"href":"https:\/\/mabuko.co.mz\/site\/index.php?rest_route=%2Fwp%2Fv2%2Fproduct_tag&post=7105"}],"curies":[{"name":"wp","href":"https:\/\/api.w.org\/{rel}","templated":true}]}}