{"id":7103,"date":"2022-10-28T08:12:11","date_gmt":"2022-10-28T08:12:11","guid":{"rendered":"https:\/\/mabuko.co.mz\/?post_type=product&#038;p=7103"},"modified":"2023-01-10T13:05:17","modified_gmt":"2023-01-10T13:05:17","slug":"curso-urgente-de-politica-para-gente-decente","status":"publish","type":"product","link":"https:\/\/mabuko.co.mz\/site\/?product=curso-urgente-de-politica-para-gente-decente","title":{"rendered":"CURSO URGENTE DE POL\u00cdTICA PARA GENTE DECENTE"},"content":{"rendered":"<p>Juan Carlos Monedero<\/p>\n<p>9789897541841<\/p>\n","protected":false},"excerpt":{"rendered":"<p><strong>SINOPSE<\/strong><\/p>\n<p>\u00abUm dos mais brilhantes cientistas sociais europeus.\u00bb<br \/>\nBoaventura de Sousa Santos<\/p>\n<p>Atento ao sistema global de que dependemos, a partir da an\u00e1lisedos erros do passado e questionando uma realidade inc\u00f3moda, Juan Carlos Monedero despe ostermos do debate social e prop\u00f5e um di\u00e1logo aberto para repensar o modelo de sociedade. N\u00e3o h\u00e1 uma sa\u00edda individual e n\u00e3o h\u00e1 outra sen\u00e3o a coletiva. E a autoajuda coletiva chama-se pol\u00edtica e pertence-nos. H\u00e1 que ver, entre todos os horizontes concretos, para iluminar os caminhos de uma vida decente.<\/p>\n<p>\u00abDotado de uma grande cultura pol\u00edtica e de uma capacidade anal\u00edtica impressionante, sabe transformar o seu saber acad\u00e9mico numa ativa solidariedade cidad\u00e3 e numa escrita sedutora e acess\u00edvel a todos.\u00bb<br \/>\nBoaventura de Sousa Santos, Professor Catedr\u00e1tico de Sociologia e Filosofia da Universidade de Coimbra<\/p>\n","protected":false},"featured_media":7104,"template":"","meta":{"_monsterinsights_skip_tracking":false,"_monsterinsights_sitenote_active":false,"_monsterinsights_sitenote_note":"","_monsterinsights_sitenote_category":0},"product_cat":[102],"product_tag":[],"class_list":{"0":"post-7103","1":"product","2":"type-product","3":"status-publish","4":"has-post-thumbnail","6":"product_cat-livros-tecnicos","7":"pa_book-author-juan-carlos-monedero","9":"first","10":"outofstock","11":"shipping-taxable","12":"purchasable","13":"product-type-simple"},"_links":{"self":[{"href":"https:\/\/mabuko.co.mz\/site\/index.php?rest_route=\/wp\/v2\/product\/7103","targetHints":{"allow":["GET"]}}],"collection":[{"href":"https:\/\/mabuko.co.mz\/site\/index.php?rest_route=\/wp\/v2\/product"}],"about":[{"href":"https:\/\/mabuko.co.mz\/site\/index.php?rest_route=\/wp\/v2\/types\/product"}],"wp:featuredmedia":[{"embeddable":true,"href":"https:\/\/mabuko.co.mz\/site\/index.php?rest_route=\/wp\/v2\/media\/7104"}],"wp:attachment":[{"href":"https:\/\/mabuko.co.mz\/site\/index.php?rest_route=%2Fwp%2Fv2%2Fmedia&parent=7103"}],"wp:term":[{"taxonomy":"product_cat","embeddable":true,"href":"https:\/\/mabuko.co.mz\/site\/index.php?rest_route=%2Fwp%2Fv2%2Fproduct_cat&post=7103"},{"taxonomy":"product_tag","embeddable":true,"href":"https:\/\/mabuko.co.mz\/site\/index.php?rest_route=%2Fwp%2Fv2%2Fproduct_tag&post=7103"}],"curies":[{"name":"wp","href":"https:\/\/api.w.org\/{rel}","templated":true}]}}