{"id":7100,"date":"2022-10-28T07:47:22","date_gmt":"2022-10-28T07:47:22","guid":{"rendered":"https:\/\/mabuko.co.mz\/?post_type=product&#038;p=7100"},"modified":"2023-01-10T13:06:09","modified_gmt":"2023-01-10T13:06:09","slug":"quando-o-sol-brilha","status":"publish","type":"product","link":"https:\/\/mabuko.co.mz\/site\/?product=quando-o-sol-brilha","title":{"rendered":"QUANDO O SOL BRILHA"},"content":{"rendered":"<p>Rui Concei\u00e7\u00e3o Silva<\/p>\n<p>9789897541681<\/p>\n","protected":false},"excerpt":{"rendered":"<div id=\"productPageSectionAboutBook-sinopseTitle\" class=\"right-title\"><strong>SINOPSE\u00a0<\/strong><\/div>\n<div><\/div>\n<div>Haver\u00e1 um dia em que tu perceber\u00e1s. Que ver\u00e1s claramente a estrela que agora n\u00e3o v\u00eas. Que distinguir\u00e1s o seu brilho na noite de penumbra. Porque s\u00f3 ent\u00e3o, quando todas as outras se apagarem, essa pequenina estrela brilhar\u00e1 no c\u00e9u.<br \/>\n\u00abAcho que vi cavalos no horizonte\u00bb, disse o meu pai com olhos de luz, naquele s\u00e1bado t\u00e3o longe dos sonhos.<br \/>\nE era um s\u00e1bado f\u00e1cil de descrever: eu lia um livro na varanda e o meu pai esperava pelos cavalos. Era assim ultimamente.<br \/>\nO sorriso do meu pai pacificou-se, sossegando pensamentos tristes que me invadiam, quase sempre \u00e0quela hora, quando a tarde se despedia e eu ficava a falar com o p\u00f4r do Sol sobre os meus sil\u00eancios, contando-lhe toda a verdade, todos os sentimentos que me asfixiavam. Dizia-lhe tudo o que sentia, que acreditava que os dias felizes apenas existiam nas lendas.<\/div>\n","protected":false},"featured_media":7102,"template":"","meta":{"_monsterinsights_skip_tracking":false,"_monsterinsights_sitenote_active":false,"_monsterinsights_sitenote_note":"","_monsterinsights_sitenote_category":0},"product_cat":[105],"product_tag":[],"class_list":{"0":"post-7100","1":"product","2":"type-product","3":"status-publish","4":"has-post-thumbnail","6":"product_cat-romance","7":"pa_book-author-rui-conceicao-silva","9":"first","10":"outofstock","11":"shipping-taxable","12":"purchasable","13":"product-type-simple"},"_links":{"self":[{"href":"https:\/\/mabuko.co.mz\/site\/index.php?rest_route=\/wp\/v2\/product\/7100","targetHints":{"allow":["GET"]}}],"collection":[{"href":"https:\/\/mabuko.co.mz\/site\/index.php?rest_route=\/wp\/v2\/product"}],"about":[{"href":"https:\/\/mabuko.co.mz\/site\/index.php?rest_route=\/wp\/v2\/types\/product"}],"wp:featuredmedia":[{"embeddable":true,"href":"https:\/\/mabuko.co.mz\/site\/index.php?rest_route=\/wp\/v2\/media\/7102"}],"wp:attachment":[{"href":"https:\/\/mabuko.co.mz\/site\/index.php?rest_route=%2Fwp%2Fv2%2Fmedia&parent=7100"}],"wp:term":[{"taxonomy":"product_cat","embeddable":true,"href":"https:\/\/mabuko.co.mz\/site\/index.php?rest_route=%2Fwp%2Fv2%2Fproduct_cat&post=7100"},{"taxonomy":"product_tag","embeddable":true,"href":"https:\/\/mabuko.co.mz\/site\/index.php?rest_route=%2Fwp%2Fv2%2Fproduct_tag&post=7100"}],"curies":[{"name":"wp","href":"https:\/\/api.w.org\/{rel}","templated":true}]}}