{"id":7098,"date":"2022-10-28T07:38:00","date_gmt":"2022-10-28T07:38:00","guid":{"rendered":"https:\/\/mabuko.co.mz\/?post_type=product&#038;p=7098"},"modified":"2023-01-10T13:07:03","modified_gmt":"2023-01-10T13:07:03","slug":"um-momento-meu","status":"publish","type":"product","link":"https:\/\/mabuko.co.mz\/site\/?product=um-momento-meu","title":{"rendered":"UM MOMENTO MEU"},"content":{"rendered":"<p>Paulo Caiado<\/p>\n<p>9789897541872<\/p>\n","protected":false},"excerpt":{"rendered":"<div id=\"productPageSectionAboutBook-sinopseTitle\" class=\"right-title\"><strong>SINOPSE<\/strong><\/div>\n<div><\/div>\n<div id=\"productPageSectionAboutBook-sinopse\" class=\"right-text\">\n<p>Amigos desde sempre, Lucas, Marcos, Mateus e Jo\u00e3o chegaram \u00e0 casa dos 40, com tudo o que isto tem de bom e de menos bom: a maturidade e a experi\u00eancia, mas tamb\u00e9m a inseguran\u00e7a em rela\u00e7\u00e3o \u00e0s decis\u00f5es a tomar para o futuro e a ang\u00fastia quanto \u00e0 aproxima\u00e7\u00e3o dos 50.<br \/>\nEste romance \u00e9, quase na \u00edntegra, narrado por Lucas, o personagem que, no fundo, re\u00fane um pouco de todas as caracter\u00edsticas dos quatro amigos: a costela marialva de Marcos, a introspec\u00e7\u00e3o de Mateus e a objectividade de Jo\u00e3o. Com grande sensibilidade e franqueza, Lucas descreve as suas viv\u00eancias e as do seu grupo de amigos e amigas, questionando-se e questionando-as.<br \/>\n<i>Um Momento Meu<\/i>\u00a0relata com genuinidade o passado e o presente de homens e mulheres nascidos nos anos 1960 que, a caminho do meio s\u00e9culo de exist\u00eancia, ainda buscam para o seu futuro a felicidade plena ou, pelo menos, um equil\u00edbrio entre a rotina e momentos felizes. \u00c9 o retrato de uma gera\u00e7\u00e3o que ir\u00e1 trazer recorda\u00e7\u00f5es e provocar e l\u00e1grimas a todos aqueles que a ela pertencem.<\/p>\n<\/div>\n","protected":false},"featured_media":7099,"template":"","meta":{"_monsterinsights_skip_tracking":false,"_monsterinsights_sitenote_active":false,"_monsterinsights_sitenote_note":"","_monsterinsights_sitenote_category":0},"product_cat":[105],"product_tag":[],"class_list":{"0":"post-7098","1":"product","2":"type-product","3":"status-publish","4":"has-post-thumbnail","6":"product_cat-romance","7":"pa_book-author-paulo-caiado","9":"first","10":"outofstock","11":"shipping-taxable","12":"purchasable","13":"product-type-simple"},"_links":{"self":[{"href":"https:\/\/mabuko.co.mz\/site\/index.php?rest_route=\/wp\/v2\/product\/7098","targetHints":{"allow":["GET"]}}],"collection":[{"href":"https:\/\/mabuko.co.mz\/site\/index.php?rest_route=\/wp\/v2\/product"}],"about":[{"href":"https:\/\/mabuko.co.mz\/site\/index.php?rest_route=\/wp\/v2\/types\/product"}],"wp:featuredmedia":[{"embeddable":true,"href":"https:\/\/mabuko.co.mz\/site\/index.php?rest_route=\/wp\/v2\/media\/7099"}],"wp:attachment":[{"href":"https:\/\/mabuko.co.mz\/site\/index.php?rest_route=%2Fwp%2Fv2%2Fmedia&parent=7098"}],"wp:term":[{"taxonomy":"product_cat","embeddable":true,"href":"https:\/\/mabuko.co.mz\/site\/index.php?rest_route=%2Fwp%2Fv2%2Fproduct_cat&post=7098"},{"taxonomy":"product_tag","embeddable":true,"href":"https:\/\/mabuko.co.mz\/site\/index.php?rest_route=%2Fwp%2Fv2%2Fproduct_tag&post=7098"}],"curies":[{"name":"wp","href":"https:\/\/api.w.org\/{rel}","templated":true}]}}