{"id":7093,"date":"2022-10-28T07:20:26","date_gmt":"2022-10-28T07:20:26","guid":{"rendered":"https:\/\/mabuko.co.mz\/?post_type=product&#038;p=7093"},"modified":"2023-01-10T13:08:47","modified_gmt":"2023-01-10T13:08:47","slug":"o-enigma-e-o-espelho","status":"publish","type":"product","link":"https:\/\/mabuko.co.mz\/site\/?product=o-enigma-e-o-espelho","title":{"rendered":"O ENIGMA E O ESPELHO"},"content":{"rendered":"<p>Jostein Gaarder<\/p>\n<p>9789722321709<\/p>\n","protected":false},"excerpt":{"rendered":"<p><strong>SINOPSE<\/strong><\/p>\n<p>A noite de Natal, m\u00e1gica, sagrada, prop\u00edcia ao raro encontro entre o eterno e o temporal, convidativa a um passeio pelo reino da poesia e de todas as coisas que se movem entre o C\u00e9u e a Terra. Ao quarto de Cecilie, onde uma grave doen\u00e7a a mant\u00e9m acamada, esta noite, intensamente povoada por vozes e aromas familiares, chega pelas asas da sua imagina\u00e7\u00e3o, fortes e c\u00e9leres, quase t\u00e3o imateriais quanto as de Ariel, o anjo que a visita. No limiar da puberdade, Cecilie reflete ainda o brilho primordial do espanto que emana dos jardins da inf\u00e2ncia e faz fluir o di\u00e1logo com Ariel, com o mundo do outro lado do espelho. Acompanhada pelo anjo viaja numa &#8220;teodisseia&#8221; que, \u00e0 luz da mai\u00eautica socr\u00e1tica, faz a travessia das sendas labir\u00ednticas da incessante curiosidade perante os segredos da vida e do cosmo e assoma a uma invulgar proximidade com o mist\u00e9rio da cria\u00e7\u00e3o. Um livro premiado que vem reconciliar a profundidade e a alegria.<\/p>\n","protected":false},"featured_media":7095,"template":"","meta":{"_monsterinsights_skip_tracking":false,"_monsterinsights_sitenote_active":false,"_monsterinsights_sitenote_note":"","_monsterinsights_sitenote_category":0},"product_cat":[105],"product_tag":[],"class_list":{"0":"post-7093","1":"product","2":"type-product","3":"status-publish","4":"has-post-thumbnail","6":"product_cat-romance","7":"pa_book-author-jostein-gaarder","9":"first","10":"outofstock","11":"shipping-taxable","12":"purchasable","13":"product-type-simple"},"_links":{"self":[{"href":"https:\/\/mabuko.co.mz\/site\/index.php?rest_route=\/wp\/v2\/product\/7093","targetHints":{"allow":["GET"]}}],"collection":[{"href":"https:\/\/mabuko.co.mz\/site\/index.php?rest_route=\/wp\/v2\/product"}],"about":[{"href":"https:\/\/mabuko.co.mz\/site\/index.php?rest_route=\/wp\/v2\/types\/product"}],"wp:featuredmedia":[{"embeddable":true,"href":"https:\/\/mabuko.co.mz\/site\/index.php?rest_route=\/wp\/v2\/media\/7095"}],"wp:attachment":[{"href":"https:\/\/mabuko.co.mz\/site\/index.php?rest_route=%2Fwp%2Fv2%2Fmedia&parent=7093"}],"wp:term":[{"taxonomy":"product_cat","embeddable":true,"href":"https:\/\/mabuko.co.mz\/site\/index.php?rest_route=%2Fwp%2Fv2%2Fproduct_cat&post=7093"},{"taxonomy":"product_tag","embeddable":true,"href":"https:\/\/mabuko.co.mz\/site\/index.php?rest_route=%2Fwp%2Fv2%2Fproduct_tag&post=7093"}],"curies":[{"name":"wp","href":"https:\/\/api.w.org\/{rel}","templated":true}]}}