{"id":7063,"date":"2022-10-27T10:28:29","date_gmt":"2022-10-27T10:28:29","guid":{"rendered":"https:\/\/mabuko.co.mz\/?post_type=product&#038;p=7063"},"modified":"2023-01-10T13:09:46","modified_gmt":"2023-01-10T13:09:46","slug":"antes-da-queda","status":"publish","type":"product","link":"https:\/\/mabuko.co.mz\/site\/?product=antes-da-queda","title":{"rendered":"ANTES DA QUEDA"},"content":{"rendered":"<p>Noah Hawley<\/p>\n<p>9789722361835<\/p>\n","protected":false},"excerpt":{"rendered":"<div id=\"productPageSectionAboutBook-sinopseTitle\" class=\"right-title\"><strong>SINOPSE<\/strong><\/div>\n<div id=\"productPageSectionAboutBook-sinopse\" class=\"right-text\">\n<p>Para chegar \u00e0 verdade \u00e9 preciso um her\u00f3i.<\/p>\n<p>Numa noite nebulosa de ver\u00e3o, onze pessoas partem de Martha&#8217;s Vineyard a bordo de um jato privado rumo a Nova Iorque. Dezasseis minutos ap\u00f3s a descolagem, o avi\u00e3o mergulha no oceano. H\u00e1 apenas dois sobreviventes: Scott Burroughs, um pintor desconhecido e fracassado, e um menino de quatro anos, agora o \u00fanico membro de uma poderosa fam\u00edlia do ramo das telecomunica\u00e7\u00f5es.<\/p>\n<p>Ao longo de cap\u00edtulos que alternam entre o rescaldo da trag\u00e9dia e as hist\u00f3rias de vida de cada um dos passageiros e membros da tripula\u00e7\u00e3o, vai-se aprofundando o mist\u00e9rio em torno do acidente. Estranhas coincid\u00eancias acabam por apontar para uma conspira\u00e7\u00e3o.<\/p>\n<p>A riqueza e o poder de alguns dos passageiros geram as teorias mais variadas sobre a queda da aeronave. Ser\u00e1 que tantas pessoas influentes morreram por mero acaso? Ou ter\u00e1 sido por vingan\u00e7a?<br \/>\nEnquanto Scott se confronta com os efeitos da inevit\u00e1vel exposi\u00e7\u00e3o medi\u00e1tica subsequente \u00e0 trag\u00e9dia, as autoridades tentam apurar a verdade sobre o acidente.<\/p>\n<p>Um thriller apaixonante, de leitura compulsiva, que nos leva a reflectir sobre a natureza humana, o destino e os la\u00e7os intrincados que nos unem uns aos outros.<\/p>\n<\/div>\n","protected":false},"featured_media":7064,"template":"","meta":{"_monsterinsights_skip_tracking":false,"_monsterinsights_sitenote_active":false,"_monsterinsights_sitenote_note":"","_monsterinsights_sitenote_category":0},"product_cat":[103],"product_tag":[],"class_list":{"0":"post-7063","1":"product","2":"type-product","3":"status-publish","4":"has-post-thumbnail","6":"product_cat-literatura","7":"pa_book-author-noah-hawley","9":"first","10":"outofstock","11":"shipping-taxable","12":"purchasable","13":"product-type-simple"},"_links":{"self":[{"href":"https:\/\/mabuko.co.mz\/site\/index.php?rest_route=\/wp\/v2\/product\/7063","targetHints":{"allow":["GET"]}}],"collection":[{"href":"https:\/\/mabuko.co.mz\/site\/index.php?rest_route=\/wp\/v2\/product"}],"about":[{"href":"https:\/\/mabuko.co.mz\/site\/index.php?rest_route=\/wp\/v2\/types\/product"}],"wp:featuredmedia":[{"embeddable":true,"href":"https:\/\/mabuko.co.mz\/site\/index.php?rest_route=\/wp\/v2\/media\/7064"}],"wp:attachment":[{"href":"https:\/\/mabuko.co.mz\/site\/index.php?rest_route=%2Fwp%2Fv2%2Fmedia&parent=7063"}],"wp:term":[{"taxonomy":"product_cat","embeddable":true,"href":"https:\/\/mabuko.co.mz\/site\/index.php?rest_route=%2Fwp%2Fv2%2Fproduct_cat&post=7063"},{"taxonomy":"product_tag","embeddable":true,"href":"https:\/\/mabuko.co.mz\/site\/index.php?rest_route=%2Fwp%2Fv2%2Fproduct_tag&post=7063"}],"curies":[{"name":"wp","href":"https:\/\/api.w.org\/{rel}","templated":true}]}}