{"id":7061,"date":"2022-10-27T10:21:16","date_gmt":"2022-10-27T10:21:16","guid":{"rendered":"https:\/\/mabuko.co.mz\/?post_type=product&#038;p=7061"},"modified":"2023-01-10T13:11:00","modified_gmt":"2023-01-10T13:11:00","slug":"the-young-world-o-mundo-novo","status":"publish","type":"product","link":"https:\/\/mabuko.co.mz\/site\/?product=the-young-world-o-mundo-novo","title":{"rendered":"THE YOUNG WORLD: O MUNDO NOVO"},"content":{"rendered":"<h3 style=\"margin: 0cm; margin-bottom: .0001pt; line-height: 22.5pt; background: white;\"><span style=\"font-size: 12.0pt; font-family: 'BryantProRegular','serif'; color: #262626; font-weight: normal;\">Chris Weitz\u00a0<\/span><\/h3>\n<p>978972235568<\/p>\n","protected":false},"excerpt":{"rendered":"<div id=\"productPageSectionAboutBook-sinopseTitle\" class=\"right-title\"><strong>SINOPSE<\/strong><\/div>\n<div id=\"productPageSectionAboutBook-sinopse\" class=\"right-text\">\n<p>Uma misteriosa doen\u00e7a assola a humanidade e os adolescentes s\u00e3o os \u00fanicos que conseguem sobreviver. Jefferson \u00e9 o l\u00edder de Washington Square, uma tribo civilizada no meio do caos. Mas a descoberta de uma pista para a cura da Doen\u00e7a impele Jeff, Donna e mais tr\u00eas amigos \u00e0 procura de respostas. Juntos, enfrentam o perigo numa viagem pelo desconhecido onde s\u00e3o perseguidos por animais selvagens, tribos cru\u00e9is e inimigos inesperados. Com eles, testemunhamos um cen\u00e1rio apocal\u00edtico em que a chegada \u00e0 maioridade significa morte pela Doen\u00e7a. Haver\u00e1 esperan\u00e7a para este Novo Mundo?<\/p>\n<\/div>\n","protected":false},"featured_media":7062,"template":"","meta":{"_monsterinsights_skip_tracking":false,"_monsterinsights_sitenote_active":false,"_monsterinsights_sitenote_note":"","_monsterinsights_sitenote_category":0},"product_cat":[135],"product_tag":[],"class_list":{"0":"post-7061","1":"product","2":"type-product","3":"status-publish","4":"has-post-thumbnail","6":"product_cat-infantil","7":"pa_book-author-chris-weitz","9":"first","10":"outofstock","11":"shipping-taxable","12":"purchasable","13":"product-type-simple"},"_links":{"self":[{"href":"https:\/\/mabuko.co.mz\/site\/index.php?rest_route=\/wp\/v2\/product\/7061","targetHints":{"allow":["GET"]}}],"collection":[{"href":"https:\/\/mabuko.co.mz\/site\/index.php?rest_route=\/wp\/v2\/product"}],"about":[{"href":"https:\/\/mabuko.co.mz\/site\/index.php?rest_route=\/wp\/v2\/types\/product"}],"wp:featuredmedia":[{"embeddable":true,"href":"https:\/\/mabuko.co.mz\/site\/index.php?rest_route=\/wp\/v2\/media\/7062"}],"wp:attachment":[{"href":"https:\/\/mabuko.co.mz\/site\/index.php?rest_route=%2Fwp%2Fv2%2Fmedia&parent=7061"}],"wp:term":[{"taxonomy":"product_cat","embeddable":true,"href":"https:\/\/mabuko.co.mz\/site\/index.php?rest_route=%2Fwp%2Fv2%2Fproduct_cat&post=7061"},{"taxonomy":"product_tag","embeddable":true,"href":"https:\/\/mabuko.co.mz\/site\/index.php?rest_route=%2Fwp%2Fv2%2Fproduct_tag&post=7061"}],"curies":[{"name":"wp","href":"https:\/\/api.w.org\/{rel}","templated":true}]}}