{"id":7059,"date":"2022-10-27T10:15:18","date_gmt":"2022-10-27T10:15:18","guid":{"rendered":"https:\/\/mabuko.co.mz\/?post_type=product&#038;p=7059"},"modified":"2023-01-10T13:13:15","modified_gmt":"2023-01-10T13:13:15","slug":"virus-mortal-a-prequela-da-saga-maze-runner","status":"publish","type":"product","link":"https:\/\/mabuko.co.mz\/site\/?product=virus-mortal-a-prequela-da-saga-maze-runner","title":{"rendered":"V\u00cdRUS MORTAL A Prequela da saga Maze Runner"},"content":{"rendered":"<p>James Dashner<\/p>\n<p>9789722356848<\/p>\n","protected":false},"excerpt":{"rendered":"<div id=\"productPageSectionAboutBook-sinopseTitle\" class=\"right-title\"><strong>SINOPSE<\/strong><\/div>\n<div id=\"productPageSectionAboutBook-sinopse\" class=\"right-text\">\n<p>Antes de a CRUEL existir, de a Clareira ser constru\u00edda e de Thomas ter entrado no Labirinto, os fulgores do Sol atingiram a Terra, arrasando o planeta e dizimando grande parte da humanidade. Mark e Trina est\u00e3o entre os sobreviventes que agora lutam por uma exist\u00eancia em condi\u00e7\u00f5es prec\u00e1rias nas pequenas comunidades que se formaram nas montanhas. Mas se eles achavam que a situa\u00e7\u00e3o em que se encontravam n\u00e3o podia piorar, estavam enganados. Um inimigo surge, infetando a popula\u00e7\u00e3o com um v\u00edrus altamente contagioso e mortal\u2026<\/p>\n<\/div>\n","protected":false},"featured_media":7060,"template":"","meta":{"_monsterinsights_skip_tracking":false,"_monsterinsights_sitenote_active":false,"_monsterinsights_sitenote_note":"","_monsterinsights_sitenote_category":0},"product_cat":[103],"product_tag":[],"class_list":{"0":"post-7059","1":"product","2":"type-product","3":"status-publish","4":"has-post-thumbnail","6":"product_cat-literatura","7":"pa_book-author-james-dashner","9":"first","10":"outofstock","11":"shipping-taxable","12":"purchasable","13":"product-type-simple"},"_links":{"self":[{"href":"https:\/\/mabuko.co.mz\/site\/index.php?rest_route=\/wp\/v2\/product\/7059","targetHints":{"allow":["GET"]}}],"collection":[{"href":"https:\/\/mabuko.co.mz\/site\/index.php?rest_route=\/wp\/v2\/product"}],"about":[{"href":"https:\/\/mabuko.co.mz\/site\/index.php?rest_route=\/wp\/v2\/types\/product"}],"wp:featuredmedia":[{"embeddable":true,"href":"https:\/\/mabuko.co.mz\/site\/index.php?rest_route=\/wp\/v2\/media\/7060"}],"wp:attachment":[{"href":"https:\/\/mabuko.co.mz\/site\/index.php?rest_route=%2Fwp%2Fv2%2Fmedia&parent=7059"}],"wp:term":[{"taxonomy":"product_cat","embeddable":true,"href":"https:\/\/mabuko.co.mz\/site\/index.php?rest_route=%2Fwp%2Fv2%2Fproduct_cat&post=7059"},{"taxonomy":"product_tag","embeddable":true,"href":"https:\/\/mabuko.co.mz\/site\/index.php?rest_route=%2Fwp%2Fv2%2Fproduct_tag&post=7059"}],"curies":[{"name":"wp","href":"https:\/\/api.w.org\/{rel}","templated":true}]}}