{"id":7054,"date":"2022-10-27T10:00:16","date_gmt":"2022-10-27T10:00:16","guid":{"rendered":"https:\/\/mabuko.co.mz\/?post_type=product&#038;p=7054"},"modified":"2023-01-10T11:40:45","modified_gmt":"2023-01-10T11:40:45","slug":"guerras-sujas-o-mundo-e-um-campo-de-batalha","status":"publish","type":"product","link":"https:\/\/mabuko.co.mz\/site\/?product=guerras-sujas-o-mundo-e-um-campo-de-batalha","title":{"rendered":"GUERRAS SUJAS O mundo \u00e9 um campo de batalha"},"content":{"rendered":"<p>Jeremy Scahill<\/p>\n<p>9789897540967<\/p>\n","protected":false},"excerpt":{"rendered":"<div id=\"productPageSectionAboutBook-sinopseTitle\" class=\"right-title\"><strong>SINOPSE<\/strong><\/div>\n<div id=\"productPageSectionAboutBook-sinopse\" class=\"right-text\">\n<p>Atrav\u00e9s de um relato corajoso, Jeremy Scahill revela a verdadeira natureza das guerras sujas que o Governo dos Estados Unidos se esfor\u00e7a por ocultar. Do Afeganist\u00e3o ao l\u00e9men, \u00e0 Som\u00e1lia e mais al\u00e9m, Scahill traz-nos um relato da linha da frente, numa investiga\u00e7\u00e3o de alto risco que explora as profundezas da m\u00e1quina assassina global da Am\u00e9rica.<\/p>\n<p>Enquanto os l\u00edderes dos EUA arrastam o pa\u00eds, cada vez mais, para conflitos em todo o planeta, criando terreno f\u00e9rtil para uma enorme desestabiliza\u00e7\u00e3o e para a retalia\u00e7\u00e3o, n\u00e3o s\u00f3 os Americanos enfrentam um risco maior como a pr\u00f3pria na\u00e7\u00e3o est\u00e1 a mudar.<\/p>\n<p>Em\u00a0<i>Guerras Sujas &#8211; O Mundo \u00e9 Um Campo de Batalha<\/i>, Jeremy Scahill desmascara os guerreiros das trevas que travam estas guerras secretas. D\u00e1 tamb\u00e9m um rosto humano \u00e0s baixas causadas por uma viol\u00eancia pela qual ningu\u00e9m se responsabiliza, e que \u00e9, hoje, a pol\u00edtica oficial: v\u00edtimas de ataques noturnos, pris\u00f5es secretas, ataques com m\u00edsseis de cruzeiro e drones, e grupos inteiros de pessoas consideradas &#8220;suspeitas de extremismo&#8221;.<\/p>\n<\/div>\n","protected":false},"featured_media":7056,"template":"","meta":{"_monsterinsights_skip_tracking":false,"_monsterinsights_sitenote_active":false,"_monsterinsights_sitenote_note":"","_monsterinsights_sitenote_category":0},"product_cat":[102],"product_tag":[],"class_list":{"0":"post-7054","1":"product","2":"type-product","3":"status-publish","4":"has-post-thumbnail","6":"product_cat-livros-tecnicos","7":"pa_book-author-jeremy-scahill","9":"first","10":"outofstock","11":"shipping-taxable","12":"purchasable","13":"product-type-simple"},"_links":{"self":[{"href":"https:\/\/mabuko.co.mz\/site\/index.php?rest_route=\/wp\/v2\/product\/7054","targetHints":{"allow":["GET"]}}],"collection":[{"href":"https:\/\/mabuko.co.mz\/site\/index.php?rest_route=\/wp\/v2\/product"}],"about":[{"href":"https:\/\/mabuko.co.mz\/site\/index.php?rest_route=\/wp\/v2\/types\/product"}],"wp:featuredmedia":[{"embeddable":true,"href":"https:\/\/mabuko.co.mz\/site\/index.php?rest_route=\/wp\/v2\/media\/7056"}],"wp:attachment":[{"href":"https:\/\/mabuko.co.mz\/site\/index.php?rest_route=%2Fwp%2Fv2%2Fmedia&parent=7054"}],"wp:term":[{"taxonomy":"product_cat","embeddable":true,"href":"https:\/\/mabuko.co.mz\/site\/index.php?rest_route=%2Fwp%2Fv2%2Fproduct_cat&post=7054"},{"taxonomy":"product_tag","embeddable":true,"href":"https:\/\/mabuko.co.mz\/site\/index.php?rest_route=%2Fwp%2Fv2%2Fproduct_tag&post=7054"}],"curies":[{"name":"wp","href":"https:\/\/api.w.org\/{rel}","templated":true}]}}