{"id":7052,"date":"2022-10-27T09:45:11","date_gmt":"2022-10-27T09:45:11","guid":{"rendered":"https:\/\/mabuko.co.mz\/?post_type=product&#038;p=7052"},"modified":"2023-01-10T12:28:33","modified_gmt":"2023-01-10T12:28:33","slug":"os-grandes-ditadores-da-historia","status":"publish","type":"product","link":"https:\/\/mabuko.co.mz\/site\/?product=os-grandes-ditadores-da-historia","title":{"rendered":"OS GRANDES DITADORES DA HIST\u00d3RIA"},"content":{"rendered":"<p>Pedro Raba\u00e7al<\/p>\n<p>9789897540844<\/p>\n","protected":false},"excerpt":{"rendered":"<p><strong>SINOPSE<\/strong><\/p>\n<p>Os Grandes Ditadores da Hist\u00f3ria apresenta ao p\u00fablico uma vis\u00e3o muito abrangente das ideias, das vidas, e dos atos desses homens que influenciaram enormemente os seus pa\u00edses e o mundo.<\/p>\n<p>Os ditadores, com personalidades invulgares e especiais, mais ou menos convictos das suas ideias, com menor ou maior empatia com o seu povo, subiram ao poder, em geral, gra\u00e7as a enormes doses de ast\u00facia, de for\u00e7a de vontade e de outros talentos formid\u00e1veis, infelizmente combinados com a falta de escr\u00fapulos e de compaix\u00e3o.<\/p>\n<p>Este livro abrange diversos s\u00e9culos da Hist\u00f3ria da Humanidade, mas nele se destaca o s\u00e9culo XX, que n\u00e3o trouxe somente a prolifera\u00e7\u00e3o da democracia e a sacraliza\u00e7\u00e3o da defesa dos direitos humanos e c\u00edvicos: foi tamb\u00e9m o s\u00e9culo de v\u00e1rias das piores tiranias da Hist\u00f3ria.<\/p>\n","protected":false},"featured_media":7053,"template":"","meta":{"_monsterinsights_skip_tracking":false,"_monsterinsights_sitenote_active":false,"_monsterinsights_sitenote_note":"","_monsterinsights_sitenote_category":0},"product_cat":[102],"product_tag":[],"class_list":{"0":"post-7052","1":"product","2":"type-product","3":"status-publish","4":"has-post-thumbnail","6":"product_cat-livros-tecnicos","7":"pa_book-author-pedro-rabacal","9":"first","10":"outofstock","11":"shipping-taxable","12":"purchasable","13":"product-type-simple"},"_links":{"self":[{"href":"https:\/\/mabuko.co.mz\/site\/index.php?rest_route=\/wp\/v2\/product\/7052","targetHints":{"allow":["GET"]}}],"collection":[{"href":"https:\/\/mabuko.co.mz\/site\/index.php?rest_route=\/wp\/v2\/product"}],"about":[{"href":"https:\/\/mabuko.co.mz\/site\/index.php?rest_route=\/wp\/v2\/types\/product"}],"wp:featuredmedia":[{"embeddable":true,"href":"https:\/\/mabuko.co.mz\/site\/index.php?rest_route=\/wp\/v2\/media\/7053"}],"wp:attachment":[{"href":"https:\/\/mabuko.co.mz\/site\/index.php?rest_route=%2Fwp%2Fv2%2Fmedia&parent=7052"}],"wp:term":[{"taxonomy":"product_cat","embeddable":true,"href":"https:\/\/mabuko.co.mz\/site\/index.php?rest_route=%2Fwp%2Fv2%2Fproduct_cat&post=7052"},{"taxonomy":"product_tag","embeddable":true,"href":"https:\/\/mabuko.co.mz\/site\/index.php?rest_route=%2Fwp%2Fv2%2Fproduct_tag&post=7052"}],"curies":[{"name":"wp","href":"https:\/\/api.w.org\/{rel}","templated":true}]}}