{"id":7049,"date":"2022-10-27T09:25:25","date_gmt":"2022-10-27T09:25:25","guid":{"rendered":"https:\/\/mabuko.co.mz\/?post_type=product&#038;p=7049"},"modified":"2023-01-10T12:29:16","modified_gmt":"2023-01-10T12:29:16","slug":"viciadas-em-sapatos","status":"publish","type":"product","link":"https:\/\/mabuko.co.mz\/site\/?product=viciadas-em-sapatos","title":{"rendered":"VICIADAS EM SAPATOS"},"content":{"rendered":"<p>Beth Harbison<\/p>\n<p>9789722353007<\/p>\n","protected":false},"excerpt":{"rendered":"<p><strong>SINOPSE<\/strong><\/p>\n<div class=\"f-productLayerGrid__col\">\n<div class=\"f-productLayer\">\n<div id=\"9b9845be-2923-42a6-be96-52e4b72a99fc\" class=\"f-productLayer__body\">\n<div class=\"f-productLayer__container\" data-automation-id=\"EditorOpinionOrSummary-block\">\n<div class=\"js-Expander expander expander--hasIcon collapsed\" data-automation-button=\"expand-EditorOpinionOrSummary-button\" data-automation-content=\"expand-EditorOpinionOrSummary\">\n<div class=\"expander__content\" data-automation-id=\"expand-EditorOpinionOrSummary\" aria-expanded=\"true\">\n<div class=\"f-productDesc\">\n<div class=\"f-productDesc__raw\">\n<p>Quando se apercebe de que o montante de d\u00edvida dos seus cart\u00f5es de cr\u00e9dito j\u00e1 ascende mil d\u2019olares, Lorna Raffery decide que tem de fazer algo em rela\u00e7\u00e3o ao seu v\u00edcio por sapatos. Resolve ent\u00e3o criar o grupo Shoe Addicts Anonmous, propondo aos futuros membros que troquem sapatos entre si de modo a impedir que sintam necessidade de continuar a comprar novos pares.<\/p>\n<p>Juntam-se assim quatro mulheres muito diferentes, mas todas em situa\u00e7\u00f5es desesperadas, que acabam por partilhar muito mais que apenas sapatos, nascendo entre elas a esperan\u00e7a de tempos melhores. VICIADAS EM SAPATOS \u00e9 um romance simultaneamente divertido e comovente, que celebra a for\u00e7a da amizade feminina e o poder da uni\u00e3o.<\/p>\n<\/div>\n<\/div>\n<\/div>\n<\/div>\n<\/div>\n<\/div>\n<\/div>\n<\/div>\n<div class=\"f-productLayerGrid__col f-productLayerGrid__col--fixed\">\n<div class=\"f-productLayer ebookPromoStrate\">\n<div class=\"f-productLayer__container\"><\/div>\n<\/div>\n<\/div>\n","protected":false},"featured_media":7051,"template":"","meta":{"_monsterinsights_skip_tracking":false,"_monsterinsights_sitenote_active":false,"_monsterinsights_sitenote_note":"","_monsterinsights_sitenote_category":0},"product_cat":[105],"product_tag":[],"class_list":{"0":"post-7049","1":"product","2":"type-product","3":"status-publish","4":"has-post-thumbnail","6":"product_cat-romance","7":"pa_book-author-beth-harbison","9":"first","10":"outofstock","11":"shipping-taxable","12":"purchasable","13":"product-type-simple"},"_links":{"self":[{"href":"https:\/\/mabuko.co.mz\/site\/index.php?rest_route=\/wp\/v2\/product\/7049","targetHints":{"allow":["GET"]}}],"collection":[{"href":"https:\/\/mabuko.co.mz\/site\/index.php?rest_route=\/wp\/v2\/product"}],"about":[{"href":"https:\/\/mabuko.co.mz\/site\/index.php?rest_route=\/wp\/v2\/types\/product"}],"wp:featuredmedia":[{"embeddable":true,"href":"https:\/\/mabuko.co.mz\/site\/index.php?rest_route=\/wp\/v2\/media\/7051"}],"wp:attachment":[{"href":"https:\/\/mabuko.co.mz\/site\/index.php?rest_route=%2Fwp%2Fv2%2Fmedia&parent=7049"}],"wp:term":[{"taxonomy":"product_cat","embeddable":true,"href":"https:\/\/mabuko.co.mz\/site\/index.php?rest_route=%2Fwp%2Fv2%2Fproduct_cat&post=7049"},{"taxonomy":"product_tag","embeddable":true,"href":"https:\/\/mabuko.co.mz\/site\/index.php?rest_route=%2Fwp%2Fv2%2Fproduct_tag&post=7049"}],"curies":[{"name":"wp","href":"https:\/\/api.w.org\/{rel}","templated":true}]}}