{"id":7046,"date":"2022-10-27T09:04:51","date_gmt":"2022-10-27T09:04:51","guid":{"rendered":"https:\/\/mabuko.co.mz\/?post_type=product&#038;p=7046"},"modified":"2023-01-10T12:30:02","modified_gmt":"2023-01-10T12:30:02","slug":"gente-ansiosa","status":"publish","type":"product","link":"https:\/\/mabuko.co.mz\/site\/?product=gente-ansiosa","title":{"rendered":"GENTE ANSIOSA"},"content":{"rendered":"<p>Fredrik Backman<\/p>\n<p>9789720035042<\/p>\n","protected":false},"excerpt":{"rendered":"<p><strong>SINOPSE<\/strong><\/p>\n<p>Visitar um apartamento que est\u00e1 \u00e0 venda n\u00e3o costuma redundar numa situa\u00e7\u00e3o de perigo. A menos que seja antev\u00e9spera de Ano Novo, e um ladr\u00e3o inexperiente tenha decidido assaltar um banco onde n\u00e3o h\u00e1 dinheiro. Quando assim \u00e9, torna-se inevit\u00e1vel que n\u00e3o haja sequer um plano de fuga, e se acabe com uma data de ref\u00e9ns acidentais. Felizmente, podemos confiar na pronta interven\u00e7\u00e3o das autoridades. A menos que os dois pol\u00edcias respons\u00e1veis pelo caso n\u00e3o se entendam nem saibam o que fazer.<\/p>\n<p>Ainda assim, acreditamos que tudo correr\u00e1 bem, em particular se os ref\u00e9ns permanecerem calmos. A menos que sejam os ref\u00e9ns mais idiotas de todos os tempos: uma analista banc\u00e1ria com ideias suicidas, uma ador\u00e1vel velhinha com motiva\u00e7\u00f5es pouco transparentes, um casal reformado com uma paix\u00e3o enorme pelo IKEA, duas rec\u00e9m-casadas, prestes a serem m\u00e3es, que andam sempre \u00e0s turras, uma agente imobili\u00e1ria com entusiasmo a mais e talento a menos, e uma pessoa vestida de coelho.<\/p>\n<p>Com um sentido de humor excecional, que cativou milh\u00f5es de leitores em todo o mundo, e personagens t\u00e3o imperfeitas quanto tocantes, Fredrik Backman volta a surpreender com esta hist\u00f3ria sobre gente idiota e ansiosa e os la\u00e7os invis\u00edveis que (n)os unem.<\/p>\n","protected":false},"featured_media":7048,"template":"","meta":{"_monsterinsights_skip_tracking":false,"_monsterinsights_sitenote_active":false,"_monsterinsights_sitenote_note":"","_monsterinsights_sitenote_category":0},"product_cat":[105],"product_tag":[],"class_list":{"0":"post-7046","1":"product","2":"type-product","3":"status-publish","4":"has-post-thumbnail","6":"product_cat-romance","7":"pa_book-author-fredrik-backman","9":"first","10":"outofstock","11":"shipping-taxable","12":"purchasable","13":"product-type-simple"},"_links":{"self":[{"href":"https:\/\/mabuko.co.mz\/site\/index.php?rest_route=\/wp\/v2\/product\/7046","targetHints":{"allow":["GET"]}}],"collection":[{"href":"https:\/\/mabuko.co.mz\/site\/index.php?rest_route=\/wp\/v2\/product"}],"about":[{"href":"https:\/\/mabuko.co.mz\/site\/index.php?rest_route=\/wp\/v2\/types\/product"}],"wp:featuredmedia":[{"embeddable":true,"href":"https:\/\/mabuko.co.mz\/site\/index.php?rest_route=\/wp\/v2\/media\/7048"}],"wp:attachment":[{"href":"https:\/\/mabuko.co.mz\/site\/index.php?rest_route=%2Fwp%2Fv2%2Fmedia&parent=7046"}],"wp:term":[{"taxonomy":"product_cat","embeddable":true,"href":"https:\/\/mabuko.co.mz\/site\/index.php?rest_route=%2Fwp%2Fv2%2Fproduct_cat&post=7046"},{"taxonomy":"product_tag","embeddable":true,"href":"https:\/\/mabuko.co.mz\/site\/index.php?rest_route=%2Fwp%2Fv2%2Fproduct_tag&post=7046"}],"curies":[{"name":"wp","href":"https:\/\/api.w.org\/{rel}","templated":true}]}}