{"id":7044,"date":"2022-10-27T08:54:57","date_gmt":"2022-10-27T08:54:57","guid":{"rendered":"https:\/\/mabuko.co.mz\/?post_type=product&#038;p=7044"},"modified":"2023-01-10T12:30:31","modified_gmt":"2023-01-10T12:30:31","slug":"o-que-fazer-com-este-pais","status":"publish","type":"product","link":"https:\/\/mabuko.co.mz\/site\/?product=o-que-fazer-com-este-pais","title":{"rendered":"O QUE FAZER COM ESTE PA\u00cdS"},"content":{"rendered":"<p>Ricardo Paes Mamede<\/p>\n<p><span class=\"text\">9789897541797<\/span><\/p>\n","protected":false},"excerpt":{"rendered":"<p><strong>SINOPSE<\/strong><\/p>\n<p>O Que Fazer Com Este Pa\u00eds\u00a0pretende descortinar as origens dos problemas que hoje enfrentamos e reflectir sobre o futuro de Portugal \u00e0 luz dos desafios actuais.<br \/>\nO livro parte de uma quest\u00e3o incontorn\u00e1vel: quem s\u00e3o os respons\u00e1veis pelo estado a que cheg\u00e1mos? Menos do que ajustar contas com o passado, procura desconstruir v\u00e1rios mitos que dominam o discurso p\u00fablico sobre este tema, em particular a ideia de que os portugueses \u00abviveram acima das suas possibilidades\u00bb. S\u00f3 com uma compreens\u00e3o menos superficial dos factores que conduziram \u00e0 crise portuguesa estaremos aptos a tomar decis\u00f5es acertadas sobre o que h\u00e1-de vir.<br \/>\nA segunda parte do livro \u00e9 dedicada \u00e0 discuss\u00e3o sobre o futuro e o que podemos fazer para o influenciar. Analisam-se, em particular, os desafios da retoma econ\u00f3mica e da cria\u00e7\u00e3o de emprego, da mudan\u00e7a de perfil de especializa\u00e7\u00e3o produtiva, do combate \u00e0 pobreza e \u00e0s desigualdades cr\u00f3nicas, bem como do enquadramento de Portugal na Uni\u00e3o Econ\u00f3mica e Monet\u00e1ria europeia.<\/p>\n","protected":false},"featured_media":7045,"template":"","meta":{"_monsterinsights_skip_tracking":false,"_monsterinsights_sitenote_active":false,"_monsterinsights_sitenote_note":"","_monsterinsights_sitenote_category":0},"product_cat":[102],"product_tag":[],"class_list":{"0":"post-7044","1":"product","2":"type-product","3":"status-publish","4":"has-post-thumbnail","6":"product_cat-livros-tecnicos","7":"pa_book-author-ricardo-paes-mamede","9":"first","10":"outofstock","11":"shipping-taxable","12":"purchasable","13":"product-type-simple"},"_links":{"self":[{"href":"https:\/\/mabuko.co.mz\/site\/index.php?rest_route=\/wp\/v2\/product\/7044","targetHints":{"allow":["GET"]}}],"collection":[{"href":"https:\/\/mabuko.co.mz\/site\/index.php?rest_route=\/wp\/v2\/product"}],"about":[{"href":"https:\/\/mabuko.co.mz\/site\/index.php?rest_route=\/wp\/v2\/types\/product"}],"wp:featuredmedia":[{"embeddable":true,"href":"https:\/\/mabuko.co.mz\/site\/index.php?rest_route=\/wp\/v2\/media\/7045"}],"wp:attachment":[{"href":"https:\/\/mabuko.co.mz\/site\/index.php?rest_route=%2Fwp%2Fv2%2Fmedia&parent=7044"}],"wp:term":[{"taxonomy":"product_cat","embeddable":true,"href":"https:\/\/mabuko.co.mz\/site\/index.php?rest_route=%2Fwp%2Fv2%2Fproduct_cat&post=7044"},{"taxonomy":"product_tag","embeddable":true,"href":"https:\/\/mabuko.co.mz\/site\/index.php?rest_route=%2Fwp%2Fv2%2Fproduct_tag&post=7044"}],"curies":[{"name":"wp","href":"https:\/\/api.w.org\/{rel}","templated":true}]}}