{"id":7042,"date":"2022-10-27T08:47:59","date_gmt":"2022-10-27T08:47:59","guid":{"rendered":"https:\/\/mabuko.co.mz\/?post_type=product&#038;p=7042"},"modified":"2023-01-10T12:31:02","modified_gmt":"2023-01-10T12:31:02","slug":"lavinia","status":"publish","type":"product","link":"https:\/\/mabuko.co.mz\/site\/?product=lavinia","title":{"rendered":"LAV\u00cdNIA"},"content":{"rendered":"<p>Ursula K. Le Guin<\/p>\n<p>9789722342773<\/p>\n","protected":false},"excerpt":{"rendered":"<div id=\"productPageSectionAboutBook-sinopseTitle\" class=\"right-title\"><strong>SINOPSE<\/strong><\/div>\n<div id=\"productPageSectionAboutBook-sinopse\" class=\"right-text\">\n<p>Plano Nacional de Leitura<br \/>\nLivro recomendado para a Forma\u00e7\u00e3o de Adultos, como sugest\u00e3o de leitura.<\/p>\n<p>Como leitora da\u00a0<i>Eneida<\/i>, de Virg\u00edlio, Ursula Le Guin escolheu esta figura silenciosa, a segunda mulher de Eneias, para protagonizar este romance que \u00e9 a sua homenagem \u00e0 epopeia que V\u00edrgilio. Lav\u00ednia passa a narradora deste romance, contando-nos a sua inf\u00e2ncia e juventude id\u00edlicas num mundo pr\u00e9-hel\u00e9nico e pr\u00e9-romano, cheio dos ritmos e dos ritos que o sagravam, fala-nos dos homens que a cortejaram at\u00e9 que Eneias chegasse e, como em Tr\u00f3ia por Helena, uma guerra come\u00e7asse, por ela. Um romance de uma rara qualidade po\u00e9tica que tem tanto de hist\u00f3rico como de m\u00edtico.<\/p>\n<\/div>\n","protected":false},"featured_media":7043,"template":"","meta":{"_monsterinsights_skip_tracking":false,"_monsterinsights_sitenote_active":false,"_monsterinsights_sitenote_note":"","_monsterinsights_sitenote_category":0},"product_cat":[105],"product_tag":[],"class_list":{"0":"post-7042","1":"product","2":"type-product","3":"status-publish","4":"has-post-thumbnail","6":"product_cat-romance","7":"pa_book-author-ursula-k-le-guin","9":"first","10":"outofstock","11":"shipping-taxable","12":"purchasable","13":"product-type-simple"},"_links":{"self":[{"href":"https:\/\/mabuko.co.mz\/site\/index.php?rest_route=\/wp\/v2\/product\/7042","targetHints":{"allow":["GET"]}}],"collection":[{"href":"https:\/\/mabuko.co.mz\/site\/index.php?rest_route=\/wp\/v2\/product"}],"about":[{"href":"https:\/\/mabuko.co.mz\/site\/index.php?rest_route=\/wp\/v2\/types\/product"}],"wp:featuredmedia":[{"embeddable":true,"href":"https:\/\/mabuko.co.mz\/site\/index.php?rest_route=\/wp\/v2\/media\/7043"}],"wp:attachment":[{"href":"https:\/\/mabuko.co.mz\/site\/index.php?rest_route=%2Fwp%2Fv2%2Fmedia&parent=7042"}],"wp:term":[{"taxonomy":"product_cat","embeddable":true,"href":"https:\/\/mabuko.co.mz\/site\/index.php?rest_route=%2Fwp%2Fv2%2Fproduct_cat&post=7042"},{"taxonomy":"product_tag","embeddable":true,"href":"https:\/\/mabuko.co.mz\/site\/index.php?rest_route=%2Fwp%2Fv2%2Fproduct_tag&post=7042"}],"curies":[{"name":"wp","href":"https:\/\/api.w.org\/{rel}","templated":true}]}}