{"id":7040,"date":"2022-10-27T08:36:56","date_gmt":"2022-10-27T08:36:56","guid":{"rendered":"https:\/\/mabuko.co.mz\/?post_type=product&#038;p=7040"},"modified":"2023-01-10T12:31:40","modified_gmt":"2023-01-10T12:31:40","slug":"mossad-espioes-contra-o-armagedao","status":"publish","type":"product","link":"https:\/\/mabuko.co.mz\/site\/?product=mossad-espioes-contra-o-armagedao","title":{"rendered":"MOSSAD Espi\u00f5es Contra o Armaged\u00e3o"},"content":{"rendered":"<p>Dan Raviv<\/p>\n<p>Yossi Melman<\/p>\n<p>9789897540905<\/p>\n","protected":false},"excerpt":{"rendered":"<p><strong>SINOPSE<\/strong><\/p>\n<p><i>Mossad &#8211; Espi\u00f5es Contra o Armaged\u00e3o<\/i>\u00a0\u00e9 uma hist\u00f3ria poderosa e viva do aparelho de espionagem de Israel &#8211; liderado pela famosa e tem\u00edvel Mossad &#8211; desde a funda\u00e7\u00e3o do pa\u00eds, em 1948, at\u00e9 \u00e0s crises de hoje em dia.<\/p>\n<p>Este livro aborda diversos temas, como o rapto de Adolf Eichmann, na Argentina, em 1960, o fracasso da Mossad para tentar deitar a m\u00e3o ao Dr. Joseph Mengele, a ca\u00e7a aos terroristas palestinianos a seguir aos acontecimentos nos Jogos Ol\u00edmpicos de Munique, em 1972, a opera\u00e7\u00e3o em 1979 em Fran\u00e7a contra a venda de equipamento nuclear a Saddam Hussein e ainda o raide a Entebe e o bombardeamento do reator nuclear s\u00edrio em 2007.<\/p>\n<p>Coloca tamb\u00e9m quest\u00f5es interessantes, tais como ter\u00e1 a Mossad cometido um erro gigantesco quando duas d\u00fazias de operacionais foram vistos pelas c\u00e2maras de vigil\u00e2ncia de um hotel nno Dubai, ou foi uma miss\u00e3o de assass\u00ednio com \u00eaxito? Ser\u00e1 que os assassinos sentir\u00e3o picadas na consci\u00eancia? E, finalmente, confiam os Estados Unidos na espionagem israelita?<\/p>\n","protected":false},"featured_media":7041,"template":"","meta":{"_monsterinsights_skip_tracking":false,"_monsterinsights_sitenote_active":false,"_monsterinsights_sitenote_note":"","_monsterinsights_sitenote_category":0},"product_cat":[102],"product_tag":[],"class_list":{"0":"post-7040","1":"product","2":"type-product","3":"status-publish","4":"has-post-thumbnail","6":"product_cat-livros-tecnicos","7":"pa_book-author-dan-raviv","8":"pa_book-author-yossi-melman","10":"first","11":"outofstock","12":"shipping-taxable","13":"purchasable","14":"product-type-simple"},"_links":{"self":[{"href":"https:\/\/mabuko.co.mz\/site\/index.php?rest_route=\/wp\/v2\/product\/7040","targetHints":{"allow":["GET"]}}],"collection":[{"href":"https:\/\/mabuko.co.mz\/site\/index.php?rest_route=\/wp\/v2\/product"}],"about":[{"href":"https:\/\/mabuko.co.mz\/site\/index.php?rest_route=\/wp\/v2\/types\/product"}],"wp:featuredmedia":[{"embeddable":true,"href":"https:\/\/mabuko.co.mz\/site\/index.php?rest_route=\/wp\/v2\/media\/7041"}],"wp:attachment":[{"href":"https:\/\/mabuko.co.mz\/site\/index.php?rest_route=%2Fwp%2Fv2%2Fmedia&parent=7040"}],"wp:term":[{"taxonomy":"product_cat","embeddable":true,"href":"https:\/\/mabuko.co.mz\/site\/index.php?rest_route=%2Fwp%2Fv2%2Fproduct_cat&post=7040"},{"taxonomy":"product_tag","embeddable":true,"href":"https:\/\/mabuko.co.mz\/site\/index.php?rest_route=%2Fwp%2Fv2%2Fproduct_tag&post=7040"}],"curies":[{"name":"wp","href":"https:\/\/api.w.org\/{rel}","templated":true}]}}