{"id":7035,"date":"2022-10-27T07:51:21","date_gmt":"2022-10-27T07:51:21","guid":{"rendered":"https:\/\/mabuko.co.mz\/?post_type=product&#038;p=7035"},"modified":"2023-01-10T12:33:26","modified_gmt":"2023-01-10T12:33:26","slug":"after-livro-1","status":"publish","type":"product","link":"https:\/\/mabuko.co.mz\/site\/?product=after-livro-1","title":{"rendered":"AFTER &#8211; Livro 1"},"content":{"rendered":"<p>Anna Todd<\/p>\n<p>9789722363808<\/p>\n","protected":false},"excerpt":{"rendered":"<p><strong>SINOPSE<\/strong><\/p>\n<p>Tessa Young \u00e9 uma jovem reservada e est\u00e1vel que sai de casa da m\u00e3e, uma mulher autorit\u00e1ria e preconceituosa, para iniciar os seus estudos na universidade, separando-se pela primeira vez do namorado de sempre, Noah, um rapaz doce e amoroso. Logo no primeiro dia, conhece a sua companheira de quarto, Steph, e os amigos desta, entre os quais Hardin, um ingl\u00eas insolente, cheio de tatuagens e piercings. R\u00e1pida e inesperadamente, Tessa e Hardin iniciam uma rela\u00e7\u00e3o intensa mas atribulada, pois ele \u00e9 um bad boy que s\u00f3 arranja problemas. Tessa tem de tomar uma s\u00e9ria e dolorosa decis\u00e3o: ser\u00e1 que faz sentido trocar Noah por Hardin, desiludindo a sua superprotetora m\u00e3e e sabendo que a sua vida nunca mais ser\u00e1 a mesma? After \u00e9 o primeiro livro de uma s\u00e9rie criada por Anna Todd cujos personagens s\u00e3o inspirados na banda brit\u00e2nica One Direction. \u00c9 um caso surpreendente de fanfiction, um fen\u00f3meno que come\u00e7ou na plataforma Wattpad, teve mais de mil milh\u00f5es de leituras e tornou-se no livro mais falado da Internet!<\/p>\n","protected":false},"featured_media":7037,"template":"","meta":{"_monsterinsights_skip_tracking":false,"_monsterinsights_sitenote_active":false,"_monsterinsights_sitenote_note":"","_monsterinsights_sitenote_category":0},"product_cat":[105],"product_tag":[],"class_list":{"0":"post-7035","1":"product","2":"type-product","3":"status-publish","4":"has-post-thumbnail","6":"product_cat-romance","7":"pa_book-author-anna-todd","9":"first","10":"outofstock","11":"shipping-taxable","12":"purchasable","13":"product-type-simple"},"_links":{"self":[{"href":"https:\/\/mabuko.co.mz\/site\/index.php?rest_route=\/wp\/v2\/product\/7035","targetHints":{"allow":["GET"]}}],"collection":[{"href":"https:\/\/mabuko.co.mz\/site\/index.php?rest_route=\/wp\/v2\/product"}],"about":[{"href":"https:\/\/mabuko.co.mz\/site\/index.php?rest_route=\/wp\/v2\/types\/product"}],"wp:featuredmedia":[{"embeddable":true,"href":"https:\/\/mabuko.co.mz\/site\/index.php?rest_route=\/wp\/v2\/media\/7037"}],"wp:attachment":[{"href":"https:\/\/mabuko.co.mz\/site\/index.php?rest_route=%2Fwp%2Fv2%2Fmedia&parent=7035"}],"wp:term":[{"taxonomy":"product_cat","embeddable":true,"href":"https:\/\/mabuko.co.mz\/site\/index.php?rest_route=%2Fwp%2Fv2%2Fproduct_cat&post=7035"},{"taxonomy":"product_tag","embeddable":true,"href":"https:\/\/mabuko.co.mz\/site\/index.php?rest_route=%2Fwp%2Fv2%2Fproduct_tag&post=7035"}],"curies":[{"name":"wp","href":"https:\/\/api.w.org\/{rel}","templated":true}]}}