{"id":7033,"date":"2022-10-27T07:44:24","date_gmt":"2022-10-27T07:44:24","guid":{"rendered":"https:\/\/mabuko.co.mz\/?post_type=product&#038;p=7033"},"modified":"2023-07-18T09:34:34","modified_gmt":"2023-07-18T09:34:34","slug":"la-onde-o-vento-chora","status":"publish","type":"product","link":"https:\/\/mabuko.co.mz\/site\/?product=la-onde-o-vento-chora","title":{"rendered":"L\u00c1, ONDE O VENTO CHORA"},"content":{"rendered":"<p>Delia Owens<\/p>\n<p>9789720032201<\/p>\n","protected":false},"excerpt":{"rendered":"<p><strong>SINOPSE<\/strong><\/p>\n<p>Kya tem apenas seis anos de idade quando v\u00ea a m\u00e3e sair de casa, com uma maleta azul e sapatos de pele de crocodilo, e percorrer o caminho de areia para nunca mais voltar. E \u00e0 medida que todas as outras pessoas importantes na sua vida a v\u00e3o igualmente abandonando, Kya aprende a ser autossuficiente: sens\u00edvel e inteligente, sobrevive completamente sozinha no pantanal a que chama a sua casa, faz amizade com as gaivotas e observa a natureza que a rodeia com a aten\u00e7\u00e3o que lhe permite aprender muitas li\u00e7\u00f5es de vida. O isolamento em que vive durante tantos anos influencia o seu comportamento: solit\u00e1ria e fugidia, Kya \u00e9 alvo dos mais cru\u00e9is coment\u00e1rios por parte dos moradores da pacata cidade de Barkley Cove. E quando o popular e charmoso Chase Andrews aparece morto, todos os dedos apontam na dire\u00e7\u00e3o de Kya, a mi\u00fada do pantanal. E o impens\u00e1vel acontece. Neste romance de estreia, Delia Owens relembra-nos que somos formatados para sempre pelas crian\u00e7as que um dia fomos, e que para sempre estaremos sujeitos aos maravilhosos, mas tamb\u00e9m violentos, segredos que a natureza encerra.<\/p>\n","protected":false},"featured_media":7034,"template":"","meta":{"_monsterinsights_skip_tracking":false,"_monsterinsights_sitenote_active":false,"_monsterinsights_sitenote_note":"","_monsterinsights_sitenote_category":0},"product_cat":[105],"product_tag":[],"class_list":{"0":"post-7033","1":"product","2":"type-product","3":"status-publish","4":"has-post-thumbnail","6":"product_cat-romance","7":"pa_book-author-delia-owens","9":"first","10":"instock","11":"shipping-taxable","12":"purchasable","13":"product-type-simple"},"_links":{"self":[{"href":"https:\/\/mabuko.co.mz\/site\/index.php?rest_route=\/wp\/v2\/product\/7033","targetHints":{"allow":["GET"]}}],"collection":[{"href":"https:\/\/mabuko.co.mz\/site\/index.php?rest_route=\/wp\/v2\/product"}],"about":[{"href":"https:\/\/mabuko.co.mz\/site\/index.php?rest_route=\/wp\/v2\/types\/product"}],"wp:featuredmedia":[{"embeddable":true,"href":"https:\/\/mabuko.co.mz\/site\/index.php?rest_route=\/wp\/v2\/media\/7034"}],"wp:attachment":[{"href":"https:\/\/mabuko.co.mz\/site\/index.php?rest_route=%2Fwp%2Fv2%2Fmedia&parent=7033"}],"wp:term":[{"taxonomy":"product_cat","embeddable":true,"href":"https:\/\/mabuko.co.mz\/site\/index.php?rest_route=%2Fwp%2Fv2%2Fproduct_cat&post=7033"},{"taxonomy":"product_tag","embeddable":true,"href":"https:\/\/mabuko.co.mz\/site\/index.php?rest_route=%2Fwp%2Fv2%2Fproduct_tag&post=7033"}],"curies":[{"name":"wp","href":"https:\/\/api.w.org\/{rel}","templated":true}]}}