{"id":7031,"date":"2022-10-27T07:36:22","date_gmt":"2022-10-27T07:36:22","guid":{"rendered":"https:\/\/mabuko.co.mz\/?post_type=product&#038;p=7031"},"modified":"2022-12-15T11:11:04","modified_gmt":"2022-12-15T11:11:04","slug":"80-dias-a-cor-da-tentacao","status":"publish","type":"product","link":"https:\/\/mabuko.co.mz\/site\/?product=80-dias-a-cor-da-tentacao","title":{"rendered":"80 DIAS A COR DA TENTA\u00c7\u00c3O"},"content":{"rendered":"<p>Vina Jackson<\/p>\n<p>9789897450037<\/p>\n","protected":false},"excerpt":{"rendered":"<p><strong>SINOPSE<\/strong><\/p>\n<div class=\"av-col-xs-24 av-col-md-11\">\n<div class=\"product-details-contents\">\n<div class=\"product-details-content description-content selected\">\n<div class=\"productDescription open\">\n<div class=\"av-col-xs-24 av-col-md-11\">\n<div class=\"product-details-contents\">\n<div class=\"product-details-content description-content selected\">\n<div class=\"productDescription open\">Summer Zahova instala-se em Nova Iorque e desfruta a sua nova vida profissional numa importante orquestra. Sob o olhar atento de Sim\u00f3n, o atraente maestro venezuelano, a carreira de Summer desenvolve-se, trazendo-lhe estabilidade. No entanto, uma cidade diferente e o sucesso alcan\u00e7ado trazem-lhe novas tenta\u00e7\u00f5es e em breve Summer sentir-se-\u00e1 atra\u00edda pelo mundo perigoso e secreto da intriga e do desejo, que ela pensara ter deixado para sempre. Entretanto, Dominik, o abastado professor universit\u00e1rio, apercebendo-se que a sua vida n\u00e3o faz sentido sem Summer, decide deixar Londres e vai viver para Nova Iorque. Dominik est\u00e1 convencido de que pode proteger Summer do seu lado mais sombrio, n\u00e3o compreendendo que as suas pr\u00f3prias paix\u00f5es acabam por ser destrutivas para ambos. Vina Jackson continua a surpreender-nos neste segundo volume da s\u00e9rie\u00a080 Dias, um romance excitante, sedutor e cheio de surpresas.<\/div>\n<\/div>\n<\/div>\n<\/div>\n<div class=\"av-row\">\n<div class=\"av-col-xs-24 av-col-md-12 av-col-md-offset-1\">\n<div class=\"product-details-tabs\">\n<div class=\"product-details-tab\"><\/div>\n<\/div>\n<\/div>\n<\/div>\n<\/div>\n<\/div>\n<\/div>\n<\/div>\n<div class=\"av-row\">\n<div class=\"av-col-xs-24 av-col-md-12 av-col-md-offset-1\">\n<div class=\"product-details-tabs\">\n<div class=\"product-details-tab\"><\/div>\n<\/div>\n<\/div>\n<\/div>\n","protected":false},"featured_media":7032,"template":"","meta":{"_monsterinsights_skip_tracking":false,"_monsterinsights_sitenote_active":false,"_monsterinsights_sitenote_note":"","_monsterinsights_sitenote_category":0},"product_cat":[105],"product_tag":[],"class_list":{"0":"post-7031","1":"product","2":"type-product","3":"status-publish","4":"has-post-thumbnail","6":"product_cat-romance","7":"pa_book-author-vina-jackson","9":"first","10":"outofstock","11":"shipping-taxable","12":"purchasable","13":"product-type-simple"},"_links":{"self":[{"href":"https:\/\/mabuko.co.mz\/site\/index.php?rest_route=\/wp\/v2\/product\/7031","targetHints":{"allow":["GET"]}}],"collection":[{"href":"https:\/\/mabuko.co.mz\/site\/index.php?rest_route=\/wp\/v2\/product"}],"about":[{"href":"https:\/\/mabuko.co.mz\/site\/index.php?rest_route=\/wp\/v2\/types\/product"}],"wp:featuredmedia":[{"embeddable":true,"href":"https:\/\/mabuko.co.mz\/site\/index.php?rest_route=\/wp\/v2\/media\/7032"}],"wp:attachment":[{"href":"https:\/\/mabuko.co.mz\/site\/index.php?rest_route=%2Fwp%2Fv2%2Fmedia&parent=7031"}],"wp:term":[{"taxonomy":"product_cat","embeddable":true,"href":"https:\/\/mabuko.co.mz\/site\/index.php?rest_route=%2Fwp%2Fv2%2Fproduct_cat&post=7031"},{"taxonomy":"product_tag","embeddable":true,"href":"https:\/\/mabuko.co.mz\/site\/index.php?rest_route=%2Fwp%2Fv2%2Fproduct_tag&post=7031"}],"curies":[{"name":"wp","href":"https:\/\/api.w.org\/{rel}","templated":true}]}}