{"id":7029,"date":"2022-10-27T07:27:47","date_gmt":"2022-10-27T07:27:47","guid":{"rendered":"https:\/\/mabuko.co.mz\/?post_type=product&#038;p=7029"},"modified":"2023-01-10T12:38:01","modified_gmt":"2023-01-10T12:38:01","slug":"ultimo-olhar","status":"publish","type":"product","link":"https:\/\/mabuko.co.mz\/site\/?product=ultimo-olhar","title":{"rendered":"\u00daLTIMO OLHAR"},"content":{"rendered":"<p>Miguel Sousa Tavares<\/p>\n<p>9789720034779<\/p>\n","protected":false},"excerpt":{"rendered":"<p><strong>SINOPSE<\/strong><\/p>\n<p>Pablo tem 93 anos, viveu a Guerra Civil Espanhola, viveu os campos de refugiados da guerra em Fran\u00e7a, viveu quatro anos no campo de exterm\u00ednio nazi de Mauthausen. E depois viveu 75 anos t\u00e3o feliz quanto poss\u00edvel, entre os campos de Landes, em Fran\u00e7a, e os da Andaluzia espanhola.<\/p>\n<p>Inez tem 37 anos, \u00e9 m\u00e9dica e vive um casamento e uma carreira de sucesso com Mart\u00edn, em Madrid, at\u00e9 ao dia em que conhece Paolo, um m\u00e9dico italiano que est\u00e1 mergulhado no olho do furac\u00e3o do combate a uma doen\u00e7a provocada por um v\u00edrus novo e devastador, chegado da China: o SARS-CoV-2. Essa nova doen\u00e7a, transformada numa pandemia sem fim, vai mudar a vida de todos eles, aproximando-os ou afastando-os, e a cada um convocando para enfrentar dilemas \u00e9ticos a que se julgavam imunes.<\/p>\n<p>\u00daltimo Olhar marca o aguardado regresso de Miguel Sousa Tavares ao romance. Uma hist\u00f3ria sem tr\u00e9guas nem contempla\u00e7\u00f5es, onde o passado cruza o presente e o presente interroga o futuro que queremos ter. Da primeira \u00e0 \u00faltima p\u00e1gina, at\u00e9 decifrarmos o que se esconde atr\u00e1s do t\u00edtulo.<\/p>\n","protected":false},"featured_media":7030,"template":"","meta":{"_monsterinsights_skip_tracking":false,"_monsterinsights_sitenote_active":false,"_monsterinsights_sitenote_note":"","_monsterinsights_sitenote_category":0},"product_cat":[105],"product_tag":[],"class_list":{"0":"post-7029","1":"product","2":"type-product","3":"status-publish","4":"has-post-thumbnail","6":"product_cat-romance","7":"pa_book-author-miguel-sousa-tavares","9":"first","10":"outofstock","11":"shipping-taxable","12":"purchasable","13":"product-type-simple"},"_links":{"self":[{"href":"https:\/\/mabuko.co.mz\/site\/index.php?rest_route=\/wp\/v2\/product\/7029","targetHints":{"allow":["GET"]}}],"collection":[{"href":"https:\/\/mabuko.co.mz\/site\/index.php?rest_route=\/wp\/v2\/product"}],"about":[{"href":"https:\/\/mabuko.co.mz\/site\/index.php?rest_route=\/wp\/v2\/types\/product"}],"wp:featuredmedia":[{"embeddable":true,"href":"https:\/\/mabuko.co.mz\/site\/index.php?rest_route=\/wp\/v2\/media\/7030"}],"wp:attachment":[{"href":"https:\/\/mabuko.co.mz\/site\/index.php?rest_route=%2Fwp%2Fv2%2Fmedia&parent=7029"}],"wp:term":[{"taxonomy":"product_cat","embeddable":true,"href":"https:\/\/mabuko.co.mz\/site\/index.php?rest_route=%2Fwp%2Fv2%2Fproduct_cat&post=7029"},{"taxonomy":"product_tag","embeddable":true,"href":"https:\/\/mabuko.co.mz\/site\/index.php?rest_route=%2Fwp%2Fv2%2Fproduct_tag&post=7029"}],"curies":[{"name":"wp","href":"https:\/\/api.w.org\/{rel}","templated":true}]}}