{"id":7027,"date":"2022-10-27T07:21:09","date_gmt":"2022-10-27T07:21:09","guid":{"rendered":"https:\/\/mabuko.co.mz\/?post_type=product&#038;p=7027"},"modified":"2023-01-10T12:38:51","modified_gmt":"2023-01-10T12:38:51","slug":"suite-405","status":"publish","type":"product","link":"https:\/\/mabuko.co.mz\/site\/?product=suite-405","title":{"rendered":"SUITE 405"},"content":{"rendered":"<p>Sveva Casati Modignani<\/p>\n<p>9789720032478<\/p>\n","protected":false},"excerpt":{"rendered":"<p><strong>SINOPSE<\/strong><\/p>\n<p>Um autom\u00f3vel de luxo avan\u00e7a velozmente a meio da noite pela auto-estrada que liga Roma a Mil\u00e3o. A bordo segue o conde Lamberto Rissotto, propriet\u00e1rio de uma importante ind\u00fastria metal\u00fargica que gere com sensatez, apesar das dificuldades inerentes \u00e0 crise econ\u00f3mica do pa\u00eds. Lamberto tem pressa de chegar a casa: acabou de descobrir a \u00faltima e embara\u00e7osa loucura da sua lind\u00edssima mas impulsiva mulher e quer terminar definitivamente a rela\u00e7\u00e3o com Armanda. Para mitigar a desilus\u00e3o leva na mem\u00f3ria a imagem do recente e fugaz encontro com uma desconhecida \u201cmuito jovem, muito bonita, com muita classe\u201d. No meio da noite, outro homem viaja na mesma autoestrada de sul para norte, num carro utilit\u00e1rio coberto de p\u00f3: \u00e9 Giovanni Rancati, sindicalista, que regressa de um encontro com oper\u00e1rios. Em Mil\u00e3o espera-o a companheira, Bruna, cabeleireira que, ap\u00f3s anos de muitos sacrif\u00edcios, conseguiu abrir um sal\u00e3o s\u00f3 seu. Vivem juntos num bairro popular, um daqueles em que as casas que partilham a mesma varanda deixam a descoberto as alegrias e as dores de cada um, uma realidade em que \u00e9 dif\u00edcil aguentar at\u00e9 ao fim do m\u00eas e em que um sonho pode custar as economias de uma vida. Lamberto e Giovanni representam dois mundos opostos e distantes, mas os seus caminhos v\u00e3o acabar por se encontrar, um pouco por necessidade e um pouco por acaso. Desse encontro nasce um fascinante cruzamento de destinos em que se reflecte a It\u00e1lia de hoje, ainda dividida por contradi\u00e7\u00f5es e lutas sociais, mas unida por uma profunda e absoluta necessidade de justi\u00e7a e de amor.<\/p>\n","protected":false},"featured_media":7028,"template":"","meta":{"_monsterinsights_skip_tracking":false,"_monsterinsights_sitenote_active":false,"_monsterinsights_sitenote_note":"","_monsterinsights_sitenote_category":0},"product_cat":[105],"product_tag":[],"class_list":{"0":"post-7027","1":"product","2":"type-product","3":"status-publish","4":"has-post-thumbnail","6":"product_cat-romance","7":"pa_book-author-sveva-casati-modignani","9":"first","10":"outofstock","11":"shipping-taxable","12":"purchasable","13":"product-type-simple"},"_links":{"self":[{"href":"https:\/\/mabuko.co.mz\/site\/index.php?rest_route=\/wp\/v2\/product\/7027","targetHints":{"allow":["GET"]}}],"collection":[{"href":"https:\/\/mabuko.co.mz\/site\/index.php?rest_route=\/wp\/v2\/product"}],"about":[{"href":"https:\/\/mabuko.co.mz\/site\/index.php?rest_route=\/wp\/v2\/types\/product"}],"wp:featuredmedia":[{"embeddable":true,"href":"https:\/\/mabuko.co.mz\/site\/index.php?rest_route=\/wp\/v2\/media\/7028"}],"wp:attachment":[{"href":"https:\/\/mabuko.co.mz\/site\/index.php?rest_route=%2Fwp%2Fv2%2Fmedia&parent=7027"}],"wp:term":[{"taxonomy":"product_cat","embeddable":true,"href":"https:\/\/mabuko.co.mz\/site\/index.php?rest_route=%2Fwp%2Fv2%2Fproduct_cat&post=7027"},{"taxonomy":"product_tag","embeddable":true,"href":"https:\/\/mabuko.co.mz\/site\/index.php?rest_route=%2Fwp%2Fv2%2Fproduct_tag&post=7027"}],"curies":[{"name":"wp","href":"https:\/\/api.w.org\/{rel}","templated":true}]}}