{"id":7025,"date":"2022-10-27T07:10:06","date_gmt":"2022-10-27T07:10:06","guid":{"rendered":"https:\/\/mabuko.co.mz\/?post_type=product&#038;p=7025"},"modified":"2023-01-10T12:41:10","modified_gmt":"2023-01-10T12:41:10","slug":"cretino-irresistivel","status":"publish","type":"product","link":"https:\/\/mabuko.co.mz\/site\/?product=cretino-irresistivel","title":{"rendered":"CRETINO IRRESIST\u00cdVEL"},"content":{"rendered":"<h3 style=\"margin: 0cm; margin-bottom: .0001pt; line-height: 22.5pt; background: white;\"><span style=\"font-size: 12.0pt; font-family: 'BryantProRegular','serif'; color: #262626; font-weight: normal;\">Christina Lauren\u00a0<\/span><\/h3>\n<p>9789897540424<\/p>\n","protected":false},"excerpt":{"rendered":"<p><b>SINOPSE<\/b><\/p>\n<p>Chloe Mills \u00e9 empenhada e brilhante. A \u00fanica coisa no seu caminho? O seu chefe, Bennett Ryan. Ele \u00e9 exigente, desagrad\u00e1vel, insens\u00edvel \u2014 e muito sexy. Um Cretino Irresist\u00edvel. Bennett voltou de Fran\u00e7a para Chicago para assumir um cargo vital na importante empresa de comunica\u00e7\u00e3o da sua fam\u00edlia. N\u00e3o esperava que aquela estagi\u00e1ria que o ajudava al\u00e9m-fronteiras fosse a deslumbrante, inocentemente provocante \u2014 e completamente irritante \u2014 criatura que agora \u00e9 obrigado a ver todos os dias.<br \/>\nO que come\u00e7a por ser uma simples rela\u00e7\u00e3o de atrac\u00e7\u00e3o e \u00f3dio, torna-se algo muito mais intenso, e Bennett e Chloe v\u00e3o ter de decidir at\u00e9 onde est\u00e3o dispostos a ir para poderem estar juntos.<\/p>\n<p>&nbsp;<\/p>\n","protected":false},"featured_media":7026,"template":"","meta":{"_monsterinsights_skip_tracking":false,"_monsterinsights_sitenote_active":false,"_monsterinsights_sitenote_note":"","_monsterinsights_sitenote_category":0},"product_cat":[105],"product_tag":[],"class_list":{"0":"post-7025","1":"product","2":"type-product","3":"status-publish","4":"has-post-thumbnail","6":"product_cat-romance","7":"pa_book-author-christina-lauren","9":"first","10":"outofstock","11":"shipping-taxable","12":"purchasable","13":"product-type-simple"},"_links":{"self":[{"href":"https:\/\/mabuko.co.mz\/site\/index.php?rest_route=\/wp\/v2\/product\/7025","targetHints":{"allow":["GET"]}}],"collection":[{"href":"https:\/\/mabuko.co.mz\/site\/index.php?rest_route=\/wp\/v2\/product"}],"about":[{"href":"https:\/\/mabuko.co.mz\/site\/index.php?rest_route=\/wp\/v2\/types\/product"}],"wp:featuredmedia":[{"embeddable":true,"href":"https:\/\/mabuko.co.mz\/site\/index.php?rest_route=\/wp\/v2\/media\/7026"}],"wp:attachment":[{"href":"https:\/\/mabuko.co.mz\/site\/index.php?rest_route=%2Fwp%2Fv2%2Fmedia&parent=7025"}],"wp:term":[{"taxonomy":"product_cat","embeddable":true,"href":"https:\/\/mabuko.co.mz\/site\/index.php?rest_route=%2Fwp%2Fv2%2Fproduct_cat&post=7025"},{"taxonomy":"product_tag","embeddable":true,"href":"https:\/\/mabuko.co.mz\/site\/index.php?rest_route=%2Fwp%2Fv2%2Fproduct_tag&post=7025"}],"curies":[{"name":"wp","href":"https:\/\/api.w.org\/{rel}","templated":true}]}}