{"id":7002,"date":"2022-10-26T13:53:31","date_gmt":"2022-10-26T13:53:31","guid":{"rendered":"https:\/\/mabuko.co.mz\/?post_type=product&#038;p=7002"},"modified":"2023-01-10T12:44:16","modified_gmt":"2023-01-10T12:44:16","slug":"a-pura-verdade","status":"publish","type":"product","link":"https:\/\/mabuko.co.mz\/site\/?product=a-pura-verdade","title":{"rendered":"A PURA VERDADE"},"content":{"rendered":"<h3 style=\"margin: 0cm; margin-bottom: .0001pt; line-height: 22.5pt; background: white;\"><span style=\"font-size: 12.0pt; font-family: 'BryantProRegular','serif'; color: #262626; font-weight: normal;\">Dan Gemeinhart\u00a0<\/span><\/h3>\n<p>9789722355902<\/p>\n","protected":false},"excerpt":{"rendered":"<p><strong>SINOPSE<\/strong><\/p>\n<p>Nunca \u00e9 tarde demais para vivermos a maior aventura da nossa vida!<\/p>\n<p>Mark \u00e9 um rapaz normal em quase todos os sentidos. Tem um c\u00e3o que d\u00e1 pelo nome de Beau, e Jessie, a sua melhor amiga. Gosta de fotografia e de escrever poemas no seu caderno. O seu sonho \u00e9 escalar um dia uma montanha. Mas h\u00e1 algo nele que o torna uma crian\u00e7a diferente das outras.<\/p>\n<p>Mark est\u00e1 doente. Tem uma doen\u00e7a da qual muitos n\u00e3o recuperam e que o obriga a constantes idas a hospitais e a fazer tratamentos. Por tudo isto, Mark decide fugir de casa. Leva consigo a sua m\u00e1quina fotogr\u00e1fica, Beau e um plano: alcan\u00e7ar o cume do monte Rainier, mesmo que isso signifique a \u00faltima coisa que ir\u00e1 fazer.<\/p>\n<p>A Pura Verdade \u00e9 uma hist\u00f3ria invulgar e extraordin\u00e1ria sobre as grandes quest\u00f5es da vida, pequenos momentos e a espantosa aventura do esp\u00edrito humano.<\/p>\n","protected":false},"featured_media":7003,"template":"","meta":{"_monsterinsights_skip_tracking":false,"_monsterinsights_sitenote_active":false,"_monsterinsights_sitenote_note":"","_monsterinsights_sitenote_category":0},"product_cat":[135],"product_tag":[],"class_list":{"0":"post-7002","1":"product","2":"type-product","3":"status-publish","4":"has-post-thumbnail","6":"product_cat-infantil","7":"pa_book-author-dan-gemeinhart","9":"first","10":"outofstock","11":"shipping-taxable","12":"purchasable","13":"product-type-simple"},"_links":{"self":[{"href":"https:\/\/mabuko.co.mz\/site\/index.php?rest_route=\/wp\/v2\/product\/7002","targetHints":{"allow":["GET"]}}],"collection":[{"href":"https:\/\/mabuko.co.mz\/site\/index.php?rest_route=\/wp\/v2\/product"}],"about":[{"href":"https:\/\/mabuko.co.mz\/site\/index.php?rest_route=\/wp\/v2\/types\/product"}],"wp:featuredmedia":[{"embeddable":true,"href":"https:\/\/mabuko.co.mz\/site\/index.php?rest_route=\/wp\/v2\/media\/7003"}],"wp:attachment":[{"href":"https:\/\/mabuko.co.mz\/site\/index.php?rest_route=%2Fwp%2Fv2%2Fmedia&parent=7002"}],"wp:term":[{"taxonomy":"product_cat","embeddable":true,"href":"https:\/\/mabuko.co.mz\/site\/index.php?rest_route=%2Fwp%2Fv2%2Fproduct_cat&post=7002"},{"taxonomy":"product_tag","embeddable":true,"href":"https:\/\/mabuko.co.mz\/site\/index.php?rest_route=%2Fwp%2Fv2%2Fproduct_tag&post=7002"}],"curies":[{"name":"wp","href":"https:\/\/api.w.org\/{rel}","templated":true}]}}