{"id":7000,"date":"2022-10-26T13:45:20","date_gmt":"2022-10-26T13:45:20","guid":{"rendered":"https:\/\/mabuko.co.mz\/?post_type=product&#038;p=7000"},"modified":"2023-01-10T12:44:59","modified_gmt":"2023-01-10T12:44:59","slug":"bons-sonhos-meu-amor","status":"publish","type":"product","link":"https:\/\/mabuko.co.mz\/site\/?product=bons-sonhos-meu-amor","title":{"rendered":"BONS SONHOS, MEU AMOR"},"content":{"rendered":"","protected":false},"excerpt":{"rendered":"<p><strong>SINOPSE<\/strong><\/p>\n<p>Arriscaria tudo por amor? Nova Kumalisi faria qualquer coisa pelo seu melhor amigo. Ela deve-lhe a vida. Por isso, quando ele lhe pede que seja m\u00e3e de substitui\u00e7\u00e3o do seu filho e, apesar de saber que corre o risco de perder a amizade, Nova aceita. Oito anos mais tarde, Nova est\u00e1 a criar o filho de Mal sozinha, porque a mulher dele mudou de ideias, escassos meses antes de a crian\u00e7a nascer, assim destruindo a rela\u00e7\u00e3o entre os dois amigos. Agora, Leo, o filho de ambos est\u00e1 gravemente doente. Nova quer que Mal conhe\u00e7a o filho antes que seja demasiado tarde. Na trag\u00e9dia descobrir\u00e3o o quanto significam um para o outro. Da autora dos best-sellers nacionais A Filha da Minha Melhor Amiga e Peda\u00e7os de Ternura.<\/p>\n","protected":false},"featured_media":7001,"template":"","meta":{"_monsterinsights_skip_tracking":false,"_monsterinsights_sitenote_active":false,"_monsterinsights_sitenote_note":"","_monsterinsights_sitenote_category":0},"product_cat":[105],"product_tag":[],"class_list":{"0":"post-7000","1":"product","2":"type-product","3":"status-publish","4":"has-post-thumbnail","6":"product_cat-romance","7":"pa_book-author-dorothy-koomoson","9":"first","10":"outofstock","11":"shipping-taxable","12":"purchasable","13":"product-type-simple"},"_links":{"self":[{"href":"https:\/\/mabuko.co.mz\/site\/index.php?rest_route=\/wp\/v2\/product\/7000","targetHints":{"allow":["GET"]}}],"collection":[{"href":"https:\/\/mabuko.co.mz\/site\/index.php?rest_route=\/wp\/v2\/product"}],"about":[{"href":"https:\/\/mabuko.co.mz\/site\/index.php?rest_route=\/wp\/v2\/types\/product"}],"wp:featuredmedia":[{"embeddable":true,"href":"https:\/\/mabuko.co.mz\/site\/index.php?rest_route=\/wp\/v2\/media\/7001"}],"wp:attachment":[{"href":"https:\/\/mabuko.co.mz\/site\/index.php?rest_route=%2Fwp%2Fv2%2Fmedia&parent=7000"}],"wp:term":[{"taxonomy":"product_cat","embeddable":true,"href":"https:\/\/mabuko.co.mz\/site\/index.php?rest_route=%2Fwp%2Fv2%2Fproduct_cat&post=7000"},{"taxonomy":"product_tag","embeddable":true,"href":"https:\/\/mabuko.co.mz\/site\/index.php?rest_route=%2Fwp%2Fv2%2Fproduct_tag&post=7000"}],"curies":[{"name":"wp","href":"https:\/\/api.w.org\/{rel}","templated":true}]}}