{"id":6996,"date":"2022-10-26T13:33:14","date_gmt":"2022-10-26T13:33:14","guid":{"rendered":"https:\/\/mabuko.co.mz\/?post_type=product&#038;p=6996"},"modified":"2023-01-10T12:46:57","modified_gmt":"2023-01-10T12:46:57","slug":"estranho-irresistivel","status":"publish","type":"product","link":"https:\/\/mabuko.co.mz\/site\/?product=estranho-irresistivel","title":{"rendered":"ESTRANHO IRRESIST\u00cdVEL"},"content":{"rendered":"<p>Christina Lauren<\/p>\n<p>9789897541285<\/p>\n","protected":false},"excerpt":{"rendered":"<div id=\"productPageSectionAboutBook-sinopseTitle\" class=\"right-title\"><strong>SINOPSE<\/strong><\/div>\n<div id=\"productPageSectionAboutBook-sinopse\" class=\"right-text\">\n<p>Para esquecer um ex-namorado infiel, a especialista em finan\u00e7as Sara Dillon muda-se para Nova Iorque, aproveitando uma oportunidade profissional para se afastar das desilus\u00f5es recentes na sua vida amorosa. O facto de conhecer, numa discoteca, aquele homem irresistivelmente sexy n\u00e3o deveria ter passado de uma noite de divers\u00e3o. Mas a forma &#8211; e a rapidez &#8211; com que ele acaba com todas as suas inibi\u00e7\u00f5es faz com que se revele mais do que uma aventura ocasional: ele torna-se o seu Estranho Irresist\u00edvel.<br \/>\nUm playboy cheio de charme. Uma jovem determinada a come\u00e7ar a viver. E uma liga\u00e7\u00e3o secreta que se revela em tons demasiado quentes.<br \/>\n<i>Estranho Irresist\u00edvel<\/i>\u00a0\u00e9 a mistura perfeita de atrevimento e romance.<\/p>\n<\/div>\n","protected":false},"featured_media":6997,"template":"","meta":{"_monsterinsights_skip_tracking":false,"_monsterinsights_sitenote_active":false,"_monsterinsights_sitenote_note":"","_monsterinsights_sitenote_category":0},"product_cat":[105],"product_tag":[],"class_list":{"0":"post-6996","1":"product","2":"type-product","3":"status-publish","4":"has-post-thumbnail","6":"product_cat-romance","7":"pa_book-author-christina-lauren","9":"first","10":"outofstock","11":"shipping-taxable","12":"purchasable","13":"product-type-simple"},"_links":{"self":[{"href":"https:\/\/mabuko.co.mz\/site\/index.php?rest_route=\/wp\/v2\/product\/6996","targetHints":{"allow":["GET"]}}],"collection":[{"href":"https:\/\/mabuko.co.mz\/site\/index.php?rest_route=\/wp\/v2\/product"}],"about":[{"href":"https:\/\/mabuko.co.mz\/site\/index.php?rest_route=\/wp\/v2\/types\/product"}],"wp:featuredmedia":[{"embeddable":true,"href":"https:\/\/mabuko.co.mz\/site\/index.php?rest_route=\/wp\/v2\/media\/6997"}],"wp:attachment":[{"href":"https:\/\/mabuko.co.mz\/site\/index.php?rest_route=%2Fwp%2Fv2%2Fmedia&parent=6996"}],"wp:term":[{"taxonomy":"product_cat","embeddable":true,"href":"https:\/\/mabuko.co.mz\/site\/index.php?rest_route=%2Fwp%2Fv2%2Fproduct_cat&post=6996"},{"taxonomy":"product_tag","embeddable":true,"href":"https:\/\/mabuko.co.mz\/site\/index.php?rest_route=%2Fwp%2Fv2%2Fproduct_tag&post=6996"}],"curies":[{"name":"wp","href":"https:\/\/api.w.org\/{rel}","templated":true}]}}